{"id":688,"date":"2020-10-20T14:53:30","date_gmt":"2020-10-20T13:53:30","guid":{"rendered":"https:\/\/eiragalaxy.org\/shop\/?post_type=product&#038;p=688"},"modified":"2024-08-29T15:41:08","modified_gmt":"2024-08-29T14:41:08","slug":"eira-coin-punto-di-credito","status":"publish","type":"product","link":"https:\/\/eiragalaxy.org\/shop\/prodotto\/eira-coin-punto-di-credito\/","title":{"rendered":"EIRA COIN &#8211; punto di credito"},"content":{"rendered":"<h1 style=\"text-align: center;\"><strong>Eira Coin<br \/>\n<img decoding=\"async\" class=\" wp-image-3263 aligncenter\" src=\"https:\/\/eiragalaxy.org\/shop\/wp-content\/uploads\/2022\/03\/Copia-di-LOGO-TITOLO-GENETICO-300x300.png\" alt=\"\" width=\"89\" height=\"89\" srcset=\"https:\/\/eiragalaxy.org\/shop\/wp-content\/uploads\/2022\/03\/Copia-di-LOGO-TITOLO-GENETICO-300x300.png 300w, https:\/\/eiragalaxy.org\/shop\/wp-content\/uploads\/2022\/03\/Copia-di-LOGO-TITOLO-GENETICO-150x150.png 150w, https:\/\/eiragalaxy.org\/shop\/wp-content\/uploads\/2022\/03\/Copia-di-LOGO-TITOLO-GENETICO-324x324.png 324w, https:\/\/eiragalaxy.org\/shop\/wp-content\/uploads\/2022\/03\/Copia-di-LOGO-TITOLO-GENETICO-416x416.png 416w, https:\/\/eiragalaxy.org\/shop\/wp-content\/uploads\/2022\/03\/Copia-di-LOGO-TITOLO-GENETICO-100x100.png 100w, https:\/\/eiragalaxy.org\/shop\/wp-content\/uploads\/2022\/03\/Copia-di-LOGO-TITOLO-GENETICO.png 500w\" sizes=\"(max-width: 89px) 100vw, 89px\" \/><\/strong><br \/>\nil vostro credito acquisito<br \/>\nsostenendo i nostri progetti comuni<\/h1>\n<p>&nbsp;<\/p>\n<h2 style=\"text-align: center;\">Sostieni i progetti comuni e ottieni vantaggi e sconti.<\/h2>\n<h1 style=\"text-align: center;\"><strong>Da oggi grande novit\u00e0!<\/strong><\/h1>\n<h2 style=\"text-align: center;\">Per sostenere lo sviluppo dei progetti messi in campo<br \/>\ncon i servizi per la Comunit\u00e0 Eira Galaxy,<\/h2>\n<h2 style=\"text-align: center;\">viene lanciato in anteprima la prenotazione di<\/h2>\n<h2 style=\"text-align: center;\">\u00a0<strong>Eira coin<\/strong><\/h2>\n<p>&nbsp;<\/p>\n<h1 style=\"text-align: center;\"><strong><img decoding=\"async\" class=\" wp-image-3263 aligncenter\" src=\"https:\/\/eiragalaxy.org\/shop\/wp-content\/uploads\/2022\/03\/Copia-di-LOGO-TITOLO-GENETICO-300x300.png\" alt=\"\" width=\"86\" height=\"86\" srcset=\"https:\/\/eiragalaxy.org\/shop\/wp-content\/uploads\/2022\/03\/Copia-di-LOGO-TITOLO-GENETICO-300x300.png 300w, https:\/\/eiragalaxy.org\/shop\/wp-content\/uploads\/2022\/03\/Copia-di-LOGO-TITOLO-GENETICO-150x150.png 150w, https:\/\/eiragalaxy.org\/shop\/wp-content\/uploads\/2022\/03\/Copia-di-LOGO-TITOLO-GENETICO-324x324.png 324w, https:\/\/eiragalaxy.org\/shop\/wp-content\/uploads\/2022\/03\/Copia-di-LOGO-TITOLO-GENETICO-416x416.png 416w, https:\/\/eiragalaxy.org\/shop\/wp-content\/uploads\/2022\/03\/Copia-di-LOGO-TITOLO-GENETICO-100x100.png 100w, https:\/\/eiragalaxy.org\/shop\/wp-content\/uploads\/2022\/03\/Copia-di-LOGO-TITOLO-GENETICO.png 500w\" sizes=\"(max-width: 86px) 100vw, 86px\" \/><\/strong><\/h1>\n<h2 style=\"text-align: center;\">la nostra misura di credito e di scambio.<\/h2>\n<p>&nbsp;<\/p>\n<p style=\"text-align: center;\">Da una iniziativa nata dall\u2019Ass. Eira Trustee referente del collaterale e Materia Prima Eira e convenzione<br \/>\ncon Cooperativa Terra Italiana che partecipa per facilitare le operazioni finanziarie ed economiche dei Soci,<br \/>\nsi potr\u00e0 sostenere quest\u2019ultima con acquisto di punti di credito.<\/p>\n<h1 style=\"text-align: center;\"><strong><img decoding=\"async\" class=\" wp-image-3263 aligncenter\" src=\"https:\/\/eiragalaxy.org\/shop\/wp-content\/uploads\/2022\/03\/Copia-di-LOGO-TITOLO-GENETICO-300x300.png\" alt=\"\" width=\"86\" height=\"86\" srcset=\"https:\/\/eiragalaxy.org\/shop\/wp-content\/uploads\/2022\/03\/Copia-di-LOGO-TITOLO-GENETICO-300x300.png 300w, https:\/\/eiragalaxy.org\/shop\/wp-content\/uploads\/2022\/03\/Copia-di-LOGO-TITOLO-GENETICO-150x150.png 150w, https:\/\/eiragalaxy.org\/shop\/wp-content\/uploads\/2022\/03\/Copia-di-LOGO-TITOLO-GENETICO-324x324.png 324w, https:\/\/eiragalaxy.org\/shop\/wp-content\/uploads\/2022\/03\/Copia-di-LOGO-TITOLO-GENETICO-416x416.png 416w, https:\/\/eiragalaxy.org\/shop\/wp-content\/uploads\/2022\/03\/Copia-di-LOGO-TITOLO-GENETICO-100x100.png 100w, https:\/\/eiragalaxy.org\/shop\/wp-content\/uploads\/2022\/03\/Copia-di-LOGO-TITOLO-GENETICO.png 500w\" sizes=\"(max-width: 86px) 100vw, 86px\" \/><\/strong><\/h1>\n<p>&nbsp;<\/p>\n<p><strong>\u00a0Eira Coin<\/strong> <strong>sono spendibili per azzerare il costo di alcuni servizi messi a disposizione nello shop<\/strong><br \/>\ne facenti parte della Convenzione tra cui:<\/p>\n<ul>\n<li>100% del costo dei corsi per acquisire la <strong><a href=\"https:\/\/eiragalaxy.org\/shop\/index.php\/product\/corso-qualifica-operatore-eira-o-e\/\" target=\"_blank\" rel=\"noopener noreferrer\">Abilitazione ad Operatore Eira di 1mo livello<\/a><\/strong><\/li>\n<li>100% del costo dell\u2019 adesione per la richiesta di <strong>emissione di Titolo Genetico per il primo famigliare Aderente<\/strong><br \/>\n<em>(per questo si richiede preventivamente la <a href=\"https:\/\/eiragalaxy.org\/shop\/index.php\/product\/iscrizione-annuale-qam\/\" target=\"_blank\" rel=\"noopener noreferrer\">adesione al QaM<\/a> <u>)<\/u><\/em><\/li>\n<li>100% del costo dell\u2019 adesione per la richiesta di emissione di <strong>Titolo Genetico per secondo o terzo o quarto membro della famiglia dell\u2019Aderente<\/strong> <em>(per questo si richiede preventivamente la <a href=\"https:\/\/eiragalaxy.org\/shop\/index.php\/product\/iscrizione-annuale-qam\/\" target=\"_blank\" rel=\"noopener noreferrer\">adesione al QaM<\/a> <u>)<\/u><\/em><\/li>\n<li>100% del costo per la richiesta di <strong>assistenza<\/strong> e <strong>consulenza<\/strong> da parte della Cooperativa Terra Italiana per<strong><a href=\"https:\/\/eiragalaxy.org\/shop\/index.php\/product\/assistenza-finanziaria-per-progetto-trust-per-la-tua-casa\/\" target=\"_blank\" rel=\"noopener noreferrer\"> inserimento dei beni immobiliari in Trust <\/a><\/strong>di scopo QaM e <a href=\"https:\/\/eiragalaxy.org\/shop\/index.php\/product\/assistenza-finanziaria-per-progetto-trust-per-la-tua-impresa\/\"><strong>inserimento dell&#8217;impresa in Trust<\/strong><\/a><\/li>\n<li>50% del valore del <strong>Ciclo di 7 fanghi<\/strong> consigliato per il Detox di 28 gg<\/li>\n<li>dal 60 al 45% del valore per l\u2019acquisto della <strong><a href=\"https:\/\/eiragalaxy.org\/shop\/index.php\/product\/tavolino-e-panche-artigianali\/\" target=\"_blank\" rel=\"noopener noreferrer\">panca\/tavolo personalizzata ripiegabile in manufatto artigianale<\/a><\/strong><\/li>\n<\/ul>\n<p>&nbsp;<\/p>\n<h3 style=\"text-align: center;\"><strong>Per l\u2019acquisto dei punti di credito Eira Coin \u00e8 richiesta un&#8217; iniziale <a href=\"https:\/\/eiragalaxy.org\/shop\/prodotto\/iscrizione-raccolta-eira-coin\/\">ISCRIZIONE RACCOLTA EIRA COIN<\/a><\/strong><\/h3>\n<h1 style=\"text-align: center;\"><strong><img decoding=\"async\" class=\" wp-image-3263 aligncenter\" src=\"https:\/\/eiragalaxy.org\/shop\/wp-content\/uploads\/2022\/03\/Copia-di-LOGO-TITOLO-GENETICO-300x300.png\" alt=\"\" width=\"92\" height=\"92\" srcset=\"https:\/\/eiragalaxy.org\/shop\/wp-content\/uploads\/2022\/03\/Copia-di-LOGO-TITOLO-GENETICO-300x300.png 300w, https:\/\/eiragalaxy.org\/shop\/wp-content\/uploads\/2022\/03\/Copia-di-LOGO-TITOLO-GENETICO-150x150.png 150w, https:\/\/eiragalaxy.org\/shop\/wp-content\/uploads\/2022\/03\/Copia-di-LOGO-TITOLO-GENETICO-324x324.png 324w, https:\/\/eiragalaxy.org\/shop\/wp-content\/uploads\/2022\/03\/Copia-di-LOGO-TITOLO-GENETICO-416x416.png 416w, https:\/\/eiragalaxy.org\/shop\/wp-content\/uploads\/2022\/03\/Copia-di-LOGO-TITOLO-GENETICO-100x100.png 100w, https:\/\/eiragalaxy.org\/shop\/wp-content\/uploads\/2022\/03\/Copia-di-LOGO-TITOLO-GENETICO.png 500w\" sizes=\"(max-width: 92px) 100vw, 92px\" \/><\/strong><\/h1>\n<h1 style=\"text-align: center;\"><strong>\u00a0<\/strong><\/h1>\n<h3 style=\"text-align: center;\">Attualmente il valore di un punto di credito<\/h3>\n<h3 style=\"text-align: center;\"><strong>\u00a0Eira Coin \u00e8 fissato,<br \/>\nin base alla quotazione della Materia Prima Eira,<br \/>\npari a \u20ac 100,00<\/strong><\/h3>\n<p style=\"text-align: center;\"><em>\u00a0<\/em><\/p>\n<h3 style=\"text-align: center;\">per un periodo di 1 mese<br \/>\n<em>la sua proposta in agevolazione e vantaggio permessa<br \/>\ndalla Cooperativa Terra Italiana<\/em><\/h3>\n<h3 style=\"text-align: center;\">\u00e8 di <strong>\u20ac 80,00<\/strong> ,<\/h3>\n<h4 style=\"text-align: center;\">rinnovabile in base alle Convenzioni interne.<\/h4>\n<h1 style=\"text-align: center;\"><strong><img loading=\"lazy\" decoding=\"async\" class=\" wp-image-3263 aligncenter\" src=\"https:\/\/eiragalaxy.org\/shop\/wp-content\/uploads\/2022\/03\/Copia-di-LOGO-TITOLO-GENETICO-300x300.png\" alt=\"\" width=\"84\" height=\"84\" srcset=\"https:\/\/eiragalaxy.org\/shop\/wp-content\/uploads\/2022\/03\/Copia-di-LOGO-TITOLO-GENETICO-300x300.png 300w, https:\/\/eiragalaxy.org\/shop\/wp-content\/uploads\/2022\/03\/Copia-di-LOGO-TITOLO-GENETICO-150x150.png 150w, https:\/\/eiragalaxy.org\/shop\/wp-content\/uploads\/2022\/03\/Copia-di-LOGO-TITOLO-GENETICO-324x324.png 324w, https:\/\/eiragalaxy.org\/shop\/wp-content\/uploads\/2022\/03\/Copia-di-LOGO-TITOLO-GENETICO-416x416.png 416w, https:\/\/eiragalaxy.org\/shop\/wp-content\/uploads\/2022\/03\/Copia-di-LOGO-TITOLO-GENETICO-100x100.png 100w, https:\/\/eiragalaxy.org\/shop\/wp-content\/uploads\/2022\/03\/Copia-di-LOGO-TITOLO-GENETICO.png 500w\" sizes=\"(max-width: 84px) 100vw, 84px\" \/><\/strong><\/h1>\n<h1 style=\"text-align: center;\"><strong>\u00a0<\/strong><\/h1>\n<p>&nbsp;<\/p>\n<p>Proposte attuali disponibili sul carrello per i punti di credito sono:<\/p>\n<ul>\n<li><strong>n\u00b0 1<\/strong> \u00a0Eira Coin (valore 100,00 euro) acquistabili a \u20ac 80,00 per l&#8217;accumulo di Eira Coin per servizi\u00a0 e\/o prodotti qui sotto elencati<\/li>\n<li><strong>n\u00b0 2<\/strong> \u00a0Eira Coin (valore 200,00 euro) acquistabili a \u20ac 160,00 genera coupon per lo sconto su\u00a0 <a href=\"https:\/\/eiragalaxy.org\/shop\/index.php\/product\/tavolino-e-panche-artigianali\/\" target=\"_blank\" rel=\"noopener noreferrer\"><u>PANCHE E TAVOLO ARTIGIANALI<\/u><\/a><\/li>\n<li><strong>n\u00b0 2<\/strong> \u00a0Eira Coin (valore 200,00 euro) acquistabili a \u20ac 160,00 genera coupon per l&#8217; adesione alla <a href=\"https:\/\/eiragalaxy.org\/shop\/prodotto\/carta-fedelta-qam\/\">CARTA FEDELTA&#8217; QaM <\/a><\/li>\n<li><strong>n\u00b0 2<\/strong> \u00a0Eira Coin (valore 200,00 euro) acquistabili a \u20ac 160,00 genera coupon per sostenere Nascita di Casa Natura BioCurativa<\/li>\n<li><strong>n\u00b0 3<\/strong> \u00a0Eira Coin (valore 300,00 euro) acquistabili a \u20ac 240,00 \u00a0genera coupon per lo sconto su\u00a0 <a href=\"https:\/\/eiragalaxy.org\/shop\/index.php\/product\/ciclo-detox-completo_7-fanghi\/\" target=\"_blank\" rel=\"noopener noreferrer\"><u>CICLO 7 FANGHI<\/u><\/a><\/li>\n<li><strong>n\u00b0 3<\/strong> \u00a0Eira Coin (valore 300,00 euro) acquistabili a \u20ac 240,00 \u00a0genera coupon per l&#8217;adesione alla\u00a0 \u00a0<a href=\"https:\/\/eiragalaxy.org\/shop\/prodotto\/carta-fedelta-eira\/\" target=\"_blank\" rel=\"noopener noreferrer\"><u>CARTA FEDELTA&#8217; Eira<\/u><\/a><\/li>\n<li><strong>n\u00b0 4<\/strong> \u00a0Eira Coin (valore 400,00 euro) acquistabili a \u20ac 320,00 genera coupon per l&#8217; adesione alla <a href=\"https:\/\/eiragalaxy.org\/shop\/prodotto\/consulenza-trust-aggiuntiva\/\">INTEGRAZIONE CONSULENZA TRUST\u00a0\u00a0<\/a><\/li>\n<li><strong>n\u00b0 6<\/strong> Eira Coin (valore 600,00 euro) acquistabili a \u20ac 480,00 \u00a0genera coupon per l&#8217;adesione alla\u00a0 <a href=\"https:\/\/eiragalaxy.org\/shop\/prodotto\/carta-fedelta-trust\/\" target=\"_blank\" rel=\"noopener noreferrer\"><u>CARTA FEDELTA&#8217; TRUST<\/u><\/a><\/li>\n<li><strong>n\u00b0 7<\/strong> \u00a0Eira Coin (valore 700,00 euro) acquistabili a \u20ac 560,00\u00a0 genera coupon per l&#8217;adesione del <a href=\"https:\/\/eiragalaxy.org\/shop\/index.php\/product\/titolo-genetico-qam\/\"><u>TITOLO GENETICO FAMIGLIARE<\/u><\/a><\/li>\n<li><strong>n\u00b0 10<\/strong> Eira Coin (valore 1.000,00 euro) acquistabili a \u20ac 800,00 genera coupon per l&#8217;adesione al\u00a0 <a href=\"https:\/\/eiragalaxy.org\/shop\/index.php\/product\/corso-qualifica-operatore-eira-o-e\/\"><u>CORSO OPERATORE ABILITATO EIRA\u00a0<\/u><\/a><\/li>\n<li><strong>n\u00b0 11<\/strong> \u00a0Eira Coin (valore 1.100,00 euro) acquistabili a \u20ac 880,00 genera coupon per l&#8217;adesione al <a href=\"https:\/\/eiragalaxy.org\/shop\/index.php\/product\/titolo-genetico-qam\/\"><u>TITOLO GENETICO<\/u><\/a><\/li>\n<li><strong>n\u00b0 30<\/strong> \u00a0Eira Coin (valore 3.000,00 euro) acquistabili a \u20ac 2.400,00 genera coupon per adesione all&#8217; <a href=\"https:\/\/eiragalaxy.org\/shop\/prodotto\/iscrizione-per-progetto-trust-per-la-tua-impresa\/\"><u>ISCRIZIONE TRUST\/ Impresa<\/u><\/a><\/li>\n<li><strong>n\u00b0 50<\/strong> \u00a0Eira Coin (valore 5.000,00 euro) acquistabili a \u20ac 4.000,00 genera coupon per adesione alla <a href=\"https:\/\/eiragalaxy.org\/shop\/prodotto\/iscrizione-per-progetto-trust-per-la-tua-casa\/\"><u>ISCRIZIONE TRUST \/ Casa<\/u><\/a><\/li>\n<\/ul>\n<h4 style=\"text-align: center;\"><strong>Una volta effettuata la tua scelta, <\/strong><br \/>\n<strong>concludi l&#8217;ordine, <\/strong><br \/>\n<strong>\u00a0ti arriver\u00e0 una mail con all&#8217;interno il CODICE COUPON richiesto<br \/>\nda utilizzare al momento dell&#8217;acquisto del prodotto\/servizio interessato<\/strong><\/h4>\n<h3><\/h3>\n<h3 style=\"text-align: center;\">Benvenuti nel Nuovo Mondo di Qualit\u00e0 dove tutto e tutti si muovono secondo le necessit\u00e0 soggettive e collettive dalla Comunit\u00e0 Eira Galaxy.<\/h3>\n<p>&nbsp;<\/p>\n<p><em>I punti di credito \u00a0Eira Coin possono inoltre essere concessi dalla Cooperativa Terra Italiana ai propri Soci come compenso per collaborazioni utili al progresso e alla crescita di tutte le situazioni convenzionati,<\/em><br \/>\n<em> come Ass Eira Trustee e gli sviluppi di Eira BioCurativa, QaM e i servizi di QaM People &amp; Estate Trustee, Bio Blue Botton, e la stessa Cooperativa Terra Italiana, che gestisce la Banca del Tempo.\u00a0<\/em><\/p>\n<p>&nbsp;<\/p>\n<p>&nbsp;<\/p>\n<p><em>Per info scrivere a cooperativaterraitaliana@gmail.com<\/em><\/p>\n<p>&nbsp;<\/p>\n<p>&nbsp;<\/p>\n","protected":false},"excerpt":{"rendered":"<p>Eira Coin il vostro credito acquisito sostenendo i nostri progetti comuni &nbsp; Sostieni i progetti comuni e ottieni vantaggi e sconti. Da oggi grande novit\u00e0! Per sostenere lo sviluppo dei progetti messi in campo con i servizi per la Comunit\u00e0 Eira Galaxy, viene lanciato in anteprima la prenotazione di \u00a0Eira coin &nbsp; la nostra misura [&hellip;]<\/p>\n","protected":false},"featured_media":3263,"comment_status":"open","ping_status":"closed","template":"","meta":[],"product_brand":[],"product_cat":[116],"product_tag":[],"class_list":{"0":"post-688","1":"product","2":"type-product","3":"status-publish","4":"has-post-thumbnail","6":"product_cat-amministrativi-e-finanziari","8":"first","9":"instock","10":"purchasable","11":"product-type-variable"},"yoast_head":"<!-- This site is optimized with the Yoast SEO plugin v26.8 - https:\/\/yoast.com\/product\/yoast-seo-wordpress\/ -->\n<title>EIRA COIN - punto di credito &#8226; Eiragalaxy - shop online<\/title>\n<meta name=\"description\" content=\"Punti di credito EiraCoin che permettono agevolazioni e vantaggi all&#039;interno del circuito Eira Galaxy\" \/>\n<meta name=\"robots\" content=\"index, follow, max-snippet:-1, max-image-preview:large, max-video-preview:-1\" \/>\n<link rel=\"canonical\" href=\"https:\/\/eiragalaxy.org\/shop\/prodotto\/eira-coin-punto-di-credito\/\" \/>\n<meta property=\"og:locale\" content=\"it_IT\" \/>\n<meta property=\"og:type\" content=\"article\" \/>\n<meta property=\"og:title\" content=\"EIRA COIN - punto di credito &#8226; Eiragalaxy - shop online\" \/>\n<meta property=\"og:description\" content=\"Punti di credito EiraCoin che permettono agevolazioni e vantaggi all&#039;interno del circuito Eira Galaxy\" \/>\n<meta property=\"og:url\" content=\"https:\/\/eiragalaxy.org\/shop\/prodotto\/eira-coin-punto-di-credito\/\" \/>\n<meta property=\"og:site_name\" content=\"Eiragalaxy - shop online\" \/>\n<meta property=\"article:publisher\" content=\"https:\/\/www.facebook.com\/EiraTerme\" \/>\n<meta property=\"article:modified_time\" content=\"2024-08-29T14:41:08+00:00\" \/>\n<meta property=\"og:image\" content=\"https:\/\/eiragalaxy.org\/shop\/wp-content\/uploads\/2022\/03\/Copia-di-LOGO-TITOLO-GENETICO.png\" \/>\n\t<meta property=\"og:image:width\" content=\"500\" \/>\n\t<meta property=\"og:image:height\" content=\"500\" \/>\n\t<meta property=\"og:image:type\" content=\"image\/png\" \/>\n<meta name=\"twitter:card\" content=\"summary_large_image\" \/>\n<meta name=\"twitter:label1\" content=\"Tempo di lettura stimato\" \/>\n\t<meta name=\"twitter:data1\" content=\"5 minuti\" \/>\n<script type=\"application\/ld+json\" class=\"yoast-schema-graph\">{\"@context\":\"https:\/\/schema.org\",\"@graph\":[{\"@type\":\"WebPage\",\"@id\":\"https:\/\/eiragalaxy.org\/shop\/prodotto\/eira-coin-punto-di-credito\/\",\"url\":\"https:\/\/eiragalaxy.org\/shop\/prodotto\/eira-coin-punto-di-credito\/\",\"name\":\"EIRA COIN - punto di credito &#8226; Eiragalaxy - shop online\",\"isPartOf\":{\"@id\":\"https:\/\/eiragalaxy.org\/shop\/#website\"},\"primaryImageOfPage\":{\"@id\":\"https:\/\/eiragalaxy.org\/shop\/prodotto\/eira-coin-punto-di-credito\/#primaryimage\"},\"image\":{\"@id\":\"https:\/\/eiragalaxy.org\/shop\/prodotto\/eira-coin-punto-di-credito\/#primaryimage\"},\"thumbnailUrl\":\"https:\/\/eiragalaxy.org\/shop\/wp-content\/uploads\/2022\/03\/Copia-di-LOGO-TITOLO-GENETICO.png\",\"datePublished\":\"2020-10-20T13:53:30+00:00\",\"dateModified\":\"2024-08-29T14:41:08+00:00\",\"description\":\"Punti di credito EiraCoin che permettono agevolazioni e vantaggi all'interno del circuito Eira Galaxy\",\"breadcrumb\":{\"@id\":\"https:\/\/eiragalaxy.org\/shop\/prodotto\/eira-coin-punto-di-credito\/#breadcrumb\"},\"inLanguage\":\"it-IT\",\"potentialAction\":[{\"@type\":\"ReadAction\",\"target\":[\"https:\/\/eiragalaxy.org\/shop\/prodotto\/eira-coin-punto-di-credito\/\"]}]},{\"@type\":\"ImageObject\",\"inLanguage\":\"it-IT\",\"@id\":\"https:\/\/eiragalaxy.org\/shop\/prodotto\/eira-coin-punto-di-credito\/#primaryimage\",\"url\":\"https:\/\/eiragalaxy.org\/shop\/wp-content\/uploads\/2022\/03\/Copia-di-LOGO-TITOLO-GENETICO.png\",\"contentUrl\":\"https:\/\/eiragalaxy.org\/shop\/wp-content\/uploads\/2022\/03\/Copia-di-LOGO-TITOLO-GENETICO.png\",\"width\":500,\"height\":500},{\"@type\":\"BreadcrumbList\",\"@id\":\"https:\/\/eiragalaxy.org\/shop\/prodotto\/eira-coin-punto-di-credito\/#breadcrumb\",\"itemListElement\":[{\"@type\":\"ListItem\",\"position\":1,\"name\":\"Home\",\"item\":\"https:\/\/eiragalaxy.org\/shop\/\"},{\"@type\":\"ListItem\",\"position\":2,\"name\":\"Shop Online\",\"item\":\"https:\/\/eiragalaxy.org\/shop\/shop-homepage\/\"},{\"@type\":\"ListItem\",\"position\":3,\"name\":\"EIRA COIN &#8211; punto di credito\"}]},{\"@type\":\"WebSite\",\"@id\":\"https:\/\/eiragalaxy.org\/shop\/#website\",\"url\":\"https:\/\/eiragalaxy.org\/shop\/\",\"name\":\"Eiragalaxy - shop online\",\"description\":\"Terme e qualit\u00e0 della vita\",\"publisher\":{\"@id\":\"https:\/\/eiragalaxy.org\/shop\/#organization\"},\"potentialAction\":[{\"@type\":\"SearchAction\",\"target\":{\"@type\":\"EntryPoint\",\"urlTemplate\":\"https:\/\/eiragalaxy.org\/shop\/?s={search_term_string}\"},\"query-input\":{\"@type\":\"PropertyValueSpecification\",\"valueRequired\":true,\"valueName\":\"search_term_string\"}}],\"inLanguage\":\"it-IT\"},{\"@type\":\"Organization\",\"@id\":\"https:\/\/eiragalaxy.org\/shop\/#organization\",\"name\":\"Eira BioCurativa\",\"url\":\"https:\/\/eiragalaxy.org\/shop\/\",\"logo\":{\"@type\":\"ImageObject\",\"inLanguage\":\"it-IT\",\"@id\":\"https:\/\/eiragalaxy.org\/shop\/#\/schema\/logo\/image\/\",\"url\":\"https:\/\/eiragalaxy.org\/shop\/wp-content\/uploads\/2020\/09\/logo-nero-senza-scritta-argilla-bio-curativa-copia.jpg\",\"contentUrl\":\"https:\/\/eiragalaxy.org\/shop\/wp-content\/uploads\/2020\/09\/logo-nero-senza-scritta-argilla-bio-curativa-copia.jpg\",\"width\":1345,\"height\":1744,\"caption\":\"Eira BioCurativa\"},\"image\":{\"@id\":\"https:\/\/eiragalaxy.org\/shop\/#\/schema\/logo\/image\/\"},\"sameAs\":[\"https:\/\/www.facebook.com\/EiraTerme\",\"https:\/\/instagram.com\/eiraterme?igshid=ip2d78cs9tt3\",\"https:\/\/www.youtube.com\/channel\/UCIzxGsRJxcNHmGq6MXEsZvQ?view_as=subscriber\"]}]}<\/script>\n<!-- \/ Yoast SEO plugin. -->","yoast_head_json":{"title":"EIRA COIN - punto di credito &#8226; Eiragalaxy - shop online","description":"Punti di credito EiraCoin che permettono agevolazioni e vantaggi all'interno del circuito Eira Galaxy","robots":{"index":"index","follow":"follow","max-snippet":"max-snippet:-1","max-image-preview":"max-image-preview:large","max-video-preview":"max-video-preview:-1"},"canonical":"https:\/\/eiragalaxy.org\/shop\/prodotto\/eira-coin-punto-di-credito\/","og_locale":"it_IT","og_type":"article","og_title":"EIRA COIN - punto di credito &#8226; Eiragalaxy - shop online","og_description":"Punti di credito EiraCoin che permettono agevolazioni e vantaggi all'interno del circuito Eira Galaxy","og_url":"https:\/\/eiragalaxy.org\/shop\/prodotto\/eira-coin-punto-di-credito\/","og_site_name":"Eiragalaxy - shop online","article_publisher":"https:\/\/www.facebook.com\/EiraTerme","article_modified_time":"2024-08-29T14:41:08+00:00","og_image":[{"width":500,"height":500,"url":"https:\/\/eiragalaxy.org\/shop\/wp-content\/uploads\/2022\/03\/Copia-di-LOGO-TITOLO-GENETICO.png","type":"image\/png"}],"twitter_card":"summary_large_image","twitter_misc":{"Tempo di lettura stimato":"5 minuti"},"schema":{"@context":"https:\/\/schema.org","@graph":[{"@type":"WebPage","@id":"https:\/\/eiragalaxy.org\/shop\/prodotto\/eira-coin-punto-di-credito\/","url":"https:\/\/eiragalaxy.org\/shop\/prodotto\/eira-coin-punto-di-credito\/","name":"EIRA COIN - punto di credito &#8226; Eiragalaxy - shop online","isPartOf":{"@id":"https:\/\/eiragalaxy.org\/shop\/#website"},"primaryImageOfPage":{"@id":"https:\/\/eiragalaxy.org\/shop\/prodotto\/eira-coin-punto-di-credito\/#primaryimage"},"image":{"@id":"https:\/\/eiragalaxy.org\/shop\/prodotto\/eira-coin-punto-di-credito\/#primaryimage"},"thumbnailUrl":"https:\/\/eiragalaxy.org\/shop\/wp-content\/uploads\/2022\/03\/Copia-di-LOGO-TITOLO-GENETICO.png","datePublished":"2020-10-20T13:53:30+00:00","dateModified":"2024-08-29T14:41:08+00:00","description":"Punti di credito EiraCoin che permettono agevolazioni e vantaggi all'interno del circuito Eira Galaxy","breadcrumb":{"@id":"https:\/\/eiragalaxy.org\/shop\/prodotto\/eira-coin-punto-di-credito\/#breadcrumb"},"inLanguage":"it-IT","potentialAction":[{"@type":"ReadAction","target":["https:\/\/eiragalaxy.org\/shop\/prodotto\/eira-coin-punto-di-credito\/"]}]},{"@type":"ImageObject","inLanguage":"it-IT","@id":"https:\/\/eiragalaxy.org\/shop\/prodotto\/eira-coin-punto-di-credito\/#primaryimage","url":"https:\/\/eiragalaxy.org\/shop\/wp-content\/uploads\/2022\/03\/Copia-di-LOGO-TITOLO-GENETICO.png","contentUrl":"https:\/\/eiragalaxy.org\/shop\/wp-content\/uploads\/2022\/03\/Copia-di-LOGO-TITOLO-GENETICO.png","width":500,"height":500},{"@type":"BreadcrumbList","@id":"https:\/\/eiragalaxy.org\/shop\/prodotto\/eira-coin-punto-di-credito\/#breadcrumb","itemListElement":[{"@type":"ListItem","position":1,"name":"Home","item":"https:\/\/eiragalaxy.org\/shop\/"},{"@type":"ListItem","position":2,"name":"Shop Online","item":"https:\/\/eiragalaxy.org\/shop\/shop-homepage\/"},{"@type":"ListItem","position":3,"name":"EIRA COIN &#8211; punto di credito"}]},{"@type":"WebSite","@id":"https:\/\/eiragalaxy.org\/shop\/#website","url":"https:\/\/eiragalaxy.org\/shop\/","name":"Eiragalaxy - shop online","description":"Terme e qualit\u00e0 della vita","publisher":{"@id":"https:\/\/eiragalaxy.org\/shop\/#organization"},"potentialAction":[{"@type":"SearchAction","target":{"@type":"EntryPoint","urlTemplate":"https:\/\/eiragalaxy.org\/shop\/?s={search_term_string}"},"query-input":{"@type":"PropertyValueSpecification","valueRequired":true,"valueName":"search_term_string"}}],"inLanguage":"it-IT"},{"@type":"Organization","@id":"https:\/\/eiragalaxy.org\/shop\/#organization","name":"Eira BioCurativa","url":"https:\/\/eiragalaxy.org\/shop\/","logo":{"@type":"ImageObject","inLanguage":"it-IT","@id":"https:\/\/eiragalaxy.org\/shop\/#\/schema\/logo\/image\/","url":"https:\/\/eiragalaxy.org\/shop\/wp-content\/uploads\/2020\/09\/logo-nero-senza-scritta-argilla-bio-curativa-copia.jpg","contentUrl":"https:\/\/eiragalaxy.org\/shop\/wp-content\/uploads\/2020\/09\/logo-nero-senza-scritta-argilla-bio-curativa-copia.jpg","width":1345,"height":1744,"caption":"Eira BioCurativa"},"image":{"@id":"https:\/\/eiragalaxy.org\/shop\/#\/schema\/logo\/image\/"},"sameAs":["https:\/\/www.facebook.com\/EiraTerme","https:\/\/instagram.com\/eiraterme?igshid=ip2d78cs9tt3","https:\/\/www.youtube.com\/channel\/UCIzxGsRJxcNHmGq6MXEsZvQ?view_as=subscriber"]}]}},"jetpack_sharing_enabled":true,"_links":{"self":[{"href":"https:\/\/eiragalaxy.org\/shop\/wp-json\/wp\/v2\/product\/688","targetHints":{"allow":["GET"]}}],"collection":[{"href":"https:\/\/eiragalaxy.org\/shop\/wp-json\/wp\/v2\/product"}],"about":[{"href":"https:\/\/eiragalaxy.org\/shop\/wp-json\/wp\/v2\/types\/product"}],"replies":[{"embeddable":true,"href":"https:\/\/eiragalaxy.org\/shop\/wp-json\/wp\/v2\/comments?post=688"}],"version-history":[{"count":11,"href":"https:\/\/eiragalaxy.org\/shop\/wp-json\/wp\/v2\/product\/688\/revisions"}],"predecessor-version":[{"id":3683,"href":"https:\/\/eiragalaxy.org\/shop\/wp-json\/wp\/v2\/product\/688\/revisions\/3683"}],"wp:featuredmedia":[{"embeddable":true,"href":"https:\/\/eiragalaxy.org\/shop\/wp-json\/wp\/v2\/media\/3263"}],"wp:attachment":[{"href":"https:\/\/eiragalaxy.org\/shop\/wp-json\/wp\/v2\/media?parent=688"}],"wp:term":[{"taxonomy":"product_brand","embeddable":true,"href":"https:\/\/eiragalaxy.org\/shop\/wp-json\/wp\/v2\/product_brand?post=688"},{"taxonomy":"product_cat","embeddable":true,"href":"https:\/\/eiragalaxy.org\/shop\/wp-json\/wp\/v2\/product_cat?post=688"},{"taxonomy":"product_tag","embeddable":true,"href":"https:\/\/eiragalaxy.org\/shop\/wp-json\/wp\/v2\/product_tag?post=688"}],"curies":[{"name":"wp","href":"https:\/\/api.w.org\/{rel}","templated":true}]}}