{"id":297,"date":"2020-04-28T15:19:57","date_gmt":"2020-04-28T14:19:57","guid":{"rendered":"https:\/\/eiragalaxy.org\/shop\/?post_type=product&#038;p=297"},"modified":"2024-06-08T17:41:32","modified_gmt":"2024-06-08T16:41:32","slug":"iscrizione-annuale-biobluebotton","status":"publish","type":"product","link":"https:\/\/eiragalaxy.org\/shop\/prodotto\/iscrizione-annuale-biobluebotton\/","title":{"rendered":"Iscrizione annuale BioBlueBotton"},"content":{"rendered":"<p>Iscrizione annuale a <strong>Bio Blue Botton<\/strong><br \/>\nnecessaria per accedere ai servizi associativi riferiti a:<\/p>\n<ul>\n<li>formazione<\/li>\n<li>qualifica<\/li>\n<li>diffusione\/promozione delle varie abilit\u00e0 degli iscritti<\/li>\n<\/ul>\n<p>Bio Blue Botton rilascia, alla fine del percorso, il bollino di qualit\u00e0 che facilita l&#8217;utente ad individuare la proposta professionale.<\/p>\n<p><strong>Vuoi sapere di pi\u00f9 su Bio Blue Botton ?<\/strong> <a href=\"https:\/\/www.eiragalaxy.org\/bio-blue\/\">clicca qui<\/a><\/p>\n<p><em>Convenzione con QaM Academy<\/em><\/p>\n<p>Contattaci a ass.biobluebotton@gmail.com<\/p>\n","protected":false},"excerpt":{"rendered":"<p>Iscrizione annuale a Bio Blue Botton necessaria per accedere ai servizi associativi riferiti a: formazione qualifica diffusione\/promozione delle varie abilit\u00e0 degli iscritti Bio Blue Botton rilascia, alla fine del percorso, il bollino di qualit\u00e0 che facilita l&#8217;utente ad individuare la proposta professionale. Vuoi sapere di pi\u00f9 su Bio Blue Botton ? clicca qui Convenzione con [&hellip;]<\/p>\n","protected":false},"featured_media":300,"comment_status":"open","ping_status":"closed","template":"","meta":[],"product_brand":[],"product_cat":[115],"product_tag":[],"class_list":{"0":"post-297","1":"product","2":"type-product","3":"status-publish","4":"has-post-thumbnail","6":"product_cat-corsi-e-abilitazioni","8":"first","9":"instock","10":"virtual","11":"purchasable","12":"product-type-simple"},"yoast_head":"<!-- This site is optimized with the Yoast SEO plugin v26.8 - https:\/\/yoast.com\/product\/yoast-seo-wordpress\/ -->\n<title>Iscrizione annuale BioBlueBotton &#8226; Eiragalaxy - shop online<\/title>\n<meta name=\"robots\" content=\"index, follow, max-snippet:-1, max-image-preview:large, max-video-preview:-1\" \/>\n<link rel=\"canonical\" href=\"https:\/\/eiragalaxy.org\/shop\/prodotto\/iscrizione-annuale-biobluebotton\/\" \/>\n<meta property=\"og:locale\" content=\"it_IT\" \/>\n<meta property=\"og:type\" content=\"article\" \/>\n<meta property=\"og:title\" content=\"Iscrizione annuale BioBlueBotton &#8226; Eiragalaxy - shop online\" \/>\n<meta property=\"og:description\" content=\"Iscrizione annuale a Bio Blue Botton necessaria per accedere ai servizi associativi riferiti a: formazione qualifica diffusione\/promozione delle varie abilit\u00e0 degli iscritti Bio Blue Botton rilascia, alla fine del percorso, il bollino di qualit\u00e0 che facilita l&#8217;utente ad individuare la proposta professionale. Vuoi sapere di pi\u00f9 su Bio Blue Botton ? clicca qui Convenzione con [&hellip;]\" \/>\n<meta property=\"og:url\" content=\"https:\/\/eiragalaxy.org\/shop\/prodotto\/iscrizione-annuale-biobluebotton\/\" \/>\n<meta property=\"og:site_name\" content=\"Eiragalaxy - shop online\" \/>\n<meta property=\"article:publisher\" content=\"https:\/\/www.facebook.com\/EiraTerme\" \/>\n<meta property=\"article:modified_time\" content=\"2024-06-08T16:41:32+00:00\" \/>\n<meta property=\"og:image\" content=\"https:\/\/eiragalaxy.org\/shop\/wp-content\/uploads\/2020\/04\/logo-bbb-con-coccarda-qualit\u00e0-copia.jpg\" \/>\n\t<meta property=\"og:image:width\" content=\"591\" \/>\n\t<meta property=\"og:image:height\" content=\"591\" \/>\n\t<meta property=\"og:image:type\" content=\"image\/jpeg\" \/>\n<meta name=\"twitter:card\" content=\"summary_large_image\" \/>\n<script type=\"application\/ld+json\" class=\"yoast-schema-graph\">{\"@context\":\"https:\/\/schema.org\",\"@graph\":[{\"@type\":\"WebPage\",\"@id\":\"https:\/\/eiragalaxy.org\/shop\/prodotto\/iscrizione-annuale-biobluebotton\/\",\"url\":\"https:\/\/eiragalaxy.org\/shop\/prodotto\/iscrizione-annuale-biobluebotton\/\",\"name\":\"Iscrizione annuale BioBlueBotton &#8226; Eiragalaxy - shop online\",\"isPartOf\":{\"@id\":\"https:\/\/eiragalaxy.org\/shop\/#website\"},\"primaryImageOfPage\":{\"@id\":\"https:\/\/eiragalaxy.org\/shop\/prodotto\/iscrizione-annuale-biobluebotton\/#primaryimage\"},\"image\":{\"@id\":\"https:\/\/eiragalaxy.org\/shop\/prodotto\/iscrizione-annuale-biobluebotton\/#primaryimage\"},\"thumbnailUrl\":\"https:\/\/eiragalaxy.org\/shop\/wp-content\/uploads\/2020\/04\/logo-bbb-con-coccarda-qualit\u00e0-copia.jpg\",\"datePublished\":\"2020-04-28T14:19:57+00:00\",\"dateModified\":\"2024-06-08T16:41:32+00:00\",\"breadcrumb\":{\"@id\":\"https:\/\/eiragalaxy.org\/shop\/prodotto\/iscrizione-annuale-biobluebotton\/#breadcrumb\"},\"inLanguage\":\"it-IT\",\"potentialAction\":[{\"@type\":\"ReadAction\",\"target\":[\"https:\/\/eiragalaxy.org\/shop\/prodotto\/iscrizione-annuale-biobluebotton\/\"]}]},{\"@type\":\"ImageObject\",\"inLanguage\":\"it-IT\",\"@id\":\"https:\/\/eiragalaxy.org\/shop\/prodotto\/iscrizione-annuale-biobluebotton\/#primaryimage\",\"url\":\"https:\/\/eiragalaxy.org\/shop\/wp-content\/uploads\/2020\/04\/logo-bbb-con-coccarda-qualit\u00e0-copia.jpg\",\"contentUrl\":\"https:\/\/eiragalaxy.org\/shop\/wp-content\/uploads\/2020\/04\/logo-bbb-con-coccarda-qualit\u00e0-copia.jpg\",\"width\":591,\"height\":591},{\"@type\":\"BreadcrumbList\",\"@id\":\"https:\/\/eiragalaxy.org\/shop\/prodotto\/iscrizione-annuale-biobluebotton\/#breadcrumb\",\"itemListElement\":[{\"@type\":\"ListItem\",\"position\":1,\"name\":\"Home\",\"item\":\"https:\/\/eiragalaxy.org\/shop\/\"},{\"@type\":\"ListItem\",\"position\":2,\"name\":\"Shop Online\",\"item\":\"https:\/\/eiragalaxy.org\/shop\/shop-homepage\/\"},{\"@type\":\"ListItem\",\"position\":3,\"name\":\"Iscrizione annuale BioBlueBotton\"}]},{\"@type\":\"WebSite\",\"@id\":\"https:\/\/eiragalaxy.org\/shop\/#website\",\"url\":\"https:\/\/eiragalaxy.org\/shop\/\",\"name\":\"Eiragalaxy - shop online\",\"description\":\"Terme e qualit\u00e0 della vita\",\"publisher\":{\"@id\":\"https:\/\/eiragalaxy.org\/shop\/#organization\"},\"potentialAction\":[{\"@type\":\"SearchAction\",\"target\":{\"@type\":\"EntryPoint\",\"urlTemplate\":\"https:\/\/eiragalaxy.org\/shop\/?s={search_term_string}\"},\"query-input\":{\"@type\":\"PropertyValueSpecification\",\"valueRequired\":true,\"valueName\":\"search_term_string\"}}],\"inLanguage\":\"it-IT\"},{\"@type\":\"Organization\",\"@id\":\"https:\/\/eiragalaxy.org\/shop\/#organization\",\"name\":\"Eira BioCurativa\",\"url\":\"https:\/\/eiragalaxy.org\/shop\/\",\"logo\":{\"@type\":\"ImageObject\",\"inLanguage\":\"it-IT\",\"@id\":\"https:\/\/eiragalaxy.org\/shop\/#\/schema\/logo\/image\/\",\"url\":\"https:\/\/eiragalaxy.org\/shop\/wp-content\/uploads\/2020\/09\/logo-nero-senza-scritta-argilla-bio-curativa-copia.jpg\",\"contentUrl\":\"https:\/\/eiragalaxy.org\/shop\/wp-content\/uploads\/2020\/09\/logo-nero-senza-scritta-argilla-bio-curativa-copia.jpg\",\"width\":1345,\"height\":1744,\"caption\":\"Eira BioCurativa\"},\"image\":{\"@id\":\"https:\/\/eiragalaxy.org\/shop\/#\/schema\/logo\/image\/\"},\"sameAs\":[\"https:\/\/www.facebook.com\/EiraTerme\",\"https:\/\/instagram.com\/eiraterme?igshid=ip2d78cs9tt3\",\"https:\/\/www.youtube.com\/channel\/UCIzxGsRJxcNHmGq6MXEsZvQ?view_as=subscriber\"]}]}<\/script>\n<!-- \/ Yoast SEO plugin. -->","yoast_head_json":{"title":"Iscrizione annuale BioBlueBotton &#8226; Eiragalaxy - shop online","robots":{"index":"index","follow":"follow","max-snippet":"max-snippet:-1","max-image-preview":"max-image-preview:large","max-video-preview":"max-video-preview:-1"},"canonical":"https:\/\/eiragalaxy.org\/shop\/prodotto\/iscrizione-annuale-biobluebotton\/","og_locale":"it_IT","og_type":"article","og_title":"Iscrizione annuale BioBlueBotton &#8226; Eiragalaxy - shop online","og_description":"Iscrizione annuale a Bio Blue Botton necessaria per accedere ai servizi associativi riferiti a: formazione qualifica diffusione\/promozione delle varie abilit\u00e0 degli iscritti Bio Blue Botton rilascia, alla fine del percorso, il bollino di qualit\u00e0 che facilita l&#8217;utente ad individuare la proposta professionale. Vuoi sapere di pi\u00f9 su Bio Blue Botton ? clicca qui Convenzione con [&hellip;]","og_url":"https:\/\/eiragalaxy.org\/shop\/prodotto\/iscrizione-annuale-biobluebotton\/","og_site_name":"Eiragalaxy - shop online","article_publisher":"https:\/\/www.facebook.com\/EiraTerme","article_modified_time":"2024-06-08T16:41:32+00:00","og_image":[{"width":591,"height":591,"url":"https:\/\/eiragalaxy.org\/shop\/wp-content\/uploads\/2020\/04\/logo-bbb-con-coccarda-qualit\u00e0-copia.jpg","type":"image\/jpeg"}],"twitter_card":"summary_large_image","schema":{"@context":"https:\/\/schema.org","@graph":[{"@type":"WebPage","@id":"https:\/\/eiragalaxy.org\/shop\/prodotto\/iscrizione-annuale-biobluebotton\/","url":"https:\/\/eiragalaxy.org\/shop\/prodotto\/iscrizione-annuale-biobluebotton\/","name":"Iscrizione annuale BioBlueBotton &#8226; Eiragalaxy - shop online","isPartOf":{"@id":"https:\/\/eiragalaxy.org\/shop\/#website"},"primaryImageOfPage":{"@id":"https:\/\/eiragalaxy.org\/shop\/prodotto\/iscrizione-annuale-biobluebotton\/#primaryimage"},"image":{"@id":"https:\/\/eiragalaxy.org\/shop\/prodotto\/iscrizione-annuale-biobluebotton\/#primaryimage"},"thumbnailUrl":"https:\/\/eiragalaxy.org\/shop\/wp-content\/uploads\/2020\/04\/logo-bbb-con-coccarda-qualit\u00e0-copia.jpg","datePublished":"2020-04-28T14:19:57+00:00","dateModified":"2024-06-08T16:41:32+00:00","breadcrumb":{"@id":"https:\/\/eiragalaxy.org\/shop\/prodotto\/iscrizione-annuale-biobluebotton\/#breadcrumb"},"inLanguage":"it-IT","potentialAction":[{"@type":"ReadAction","target":["https:\/\/eiragalaxy.org\/shop\/prodotto\/iscrizione-annuale-biobluebotton\/"]}]},{"@type":"ImageObject","inLanguage":"it-IT","@id":"https:\/\/eiragalaxy.org\/shop\/prodotto\/iscrizione-annuale-biobluebotton\/#primaryimage","url":"https:\/\/eiragalaxy.org\/shop\/wp-content\/uploads\/2020\/04\/logo-bbb-con-coccarda-qualit\u00e0-copia.jpg","contentUrl":"https:\/\/eiragalaxy.org\/shop\/wp-content\/uploads\/2020\/04\/logo-bbb-con-coccarda-qualit\u00e0-copia.jpg","width":591,"height":591},{"@type":"BreadcrumbList","@id":"https:\/\/eiragalaxy.org\/shop\/prodotto\/iscrizione-annuale-biobluebotton\/#breadcrumb","itemListElement":[{"@type":"ListItem","position":1,"name":"Home","item":"https:\/\/eiragalaxy.org\/shop\/"},{"@type":"ListItem","position":2,"name":"Shop Online","item":"https:\/\/eiragalaxy.org\/shop\/shop-homepage\/"},{"@type":"ListItem","position":3,"name":"Iscrizione annuale BioBlueBotton"}]},{"@type":"WebSite","@id":"https:\/\/eiragalaxy.org\/shop\/#website","url":"https:\/\/eiragalaxy.org\/shop\/","name":"Eiragalaxy - shop online","description":"Terme e qualit\u00e0 della vita","publisher":{"@id":"https:\/\/eiragalaxy.org\/shop\/#organization"},"potentialAction":[{"@type":"SearchAction","target":{"@type":"EntryPoint","urlTemplate":"https:\/\/eiragalaxy.org\/shop\/?s={search_term_string}"},"query-input":{"@type":"PropertyValueSpecification","valueRequired":true,"valueName":"search_term_string"}}],"inLanguage":"it-IT"},{"@type":"Organization","@id":"https:\/\/eiragalaxy.org\/shop\/#organization","name":"Eira BioCurativa","url":"https:\/\/eiragalaxy.org\/shop\/","logo":{"@type":"ImageObject","inLanguage":"it-IT","@id":"https:\/\/eiragalaxy.org\/shop\/#\/schema\/logo\/image\/","url":"https:\/\/eiragalaxy.org\/shop\/wp-content\/uploads\/2020\/09\/logo-nero-senza-scritta-argilla-bio-curativa-copia.jpg","contentUrl":"https:\/\/eiragalaxy.org\/shop\/wp-content\/uploads\/2020\/09\/logo-nero-senza-scritta-argilla-bio-curativa-copia.jpg","width":1345,"height":1744,"caption":"Eira BioCurativa"},"image":{"@id":"https:\/\/eiragalaxy.org\/shop\/#\/schema\/logo\/image\/"},"sameAs":["https:\/\/www.facebook.com\/EiraTerme","https:\/\/instagram.com\/eiraterme?igshid=ip2d78cs9tt3","https:\/\/www.youtube.com\/channel\/UCIzxGsRJxcNHmGq6MXEsZvQ?view_as=subscriber"]}]}},"jetpack_sharing_enabled":true,"_links":{"self":[{"href":"https:\/\/eiragalaxy.org\/shop\/wp-json\/wp\/v2\/product\/297","targetHints":{"allow":["GET"]}}],"collection":[{"href":"https:\/\/eiragalaxy.org\/shop\/wp-json\/wp\/v2\/product"}],"about":[{"href":"https:\/\/eiragalaxy.org\/shop\/wp-json\/wp\/v2\/types\/product"}],"replies":[{"embeddable":true,"href":"https:\/\/eiragalaxy.org\/shop\/wp-json\/wp\/v2\/comments?post=297"}],"version-history":[{"count":2,"href":"https:\/\/eiragalaxy.org\/shop\/wp-json\/wp\/v2\/product\/297\/revisions"}],"predecessor-version":[{"id":2817,"href":"https:\/\/eiragalaxy.org\/shop\/wp-json\/wp\/v2\/product\/297\/revisions\/2817"}],"wp:featuredmedia":[{"embeddable":true,"href":"https:\/\/eiragalaxy.org\/shop\/wp-json\/wp\/v2\/media\/300"}],"wp:attachment":[{"href":"https:\/\/eiragalaxy.org\/shop\/wp-json\/wp\/v2\/media?parent=297"}],"wp:term":[{"taxonomy":"product_brand","embeddable":true,"href":"https:\/\/eiragalaxy.org\/shop\/wp-json\/wp\/v2\/product_brand?post=297"},{"taxonomy":"product_cat","embeddable":true,"href":"https:\/\/eiragalaxy.org\/shop\/wp-json\/wp\/v2\/product_cat?post=297"},{"taxonomy":"product_tag","embeddable":true,"href":"https:\/\/eiragalaxy.org\/shop\/wp-json\/wp\/v2\/product_tag?post=297"}],"curies":[{"name":"wp","href":"https:\/\/api.w.org\/{rel}","templated":true}]}}