{"id":977,"date":"2020-12-11T13:34:55","date_gmt":"2020-12-11T12:34:55","guid":{"rendered":"https:\/\/eiragalaxy.org\/shop\/?page_id=977"},"modified":"2024-02-05T14:46:49","modified_gmt":"2024-02-05T13:46:49","slug":"sostieni-eira","status":"publish","type":"page","link":"https:\/\/eiragalaxy.org\/shop\/sostieni-eira\/","title":{"rendered":"Sostieni Eira Terme !"},"content":{"rendered":"\n<h1 class=\"wp-block-heading has-text-align-center\"><strong><span style=\"color:#7d055d\" class=\"has-inline-color\">Perch\u00e9  ?<\/span><\/strong><br><br><\/h1>\n\n\n\n<h2 class=\"wp-block-heading\"><strong>POPOLO DELLA TERRA \u2026 SIETE CHIAMATI A DIFENDERLA<\/strong>.<\/h2>\n\n\n\n<h2 class=\"wp-block-heading\">Da circa dieci anni , e dopo le evidenze scientifiche ed i risultati ottenuti<br>dalla <strong>Fonte Termale, situata su  un Luogo Sacro<br>denominato Lucus Bormani di orgine Celtica<\/strong> ora chiamato <strong>Eira Terme<\/strong>,<br><br><strong>Claudia Battaglino<\/strong>, scopritrice di questo unico luogo, <br>insieme all&#8217; <strong>Associazione Eira Trustee<\/strong>, che ad oggi gestisce e amministra la scoperta Eira<br><strong>sono sotto attacco<\/strong> di amministrazioni che agiscono per interessi privati,<br>volti a silenziare definitivamente la loro voce e ci\u00f2 che hanno reso disponibile al mondo intero.<br><br>Ovvero i <strong>benefici curativi delle Acque di Eira Terme<\/strong>, <strong>la sua esistenza e la scoperta<\/strong>.<br>Tra ritardi &#8220;programmati&#8221; ed ogni genere di ostacolo amministrativo promosso per arrestare<br>l&#8217;operato di questo luogo , <br>oggi il Tribunale di Imperia ha stabilito , dopo la sostituzione di ben tre giudici,<br>di espropriare l&#8217;amministratrice di ogni bene : con strategie legali ed una prepotenza senza ragion logica e giuridica,<br><strong>ignorando l&#8217;esistenza delle Terme, relativi vincoli termali e Trust<\/strong><br> <strong>e dell&#8217;Associazione Eira Trustee<\/strong> che<br> si trova ad affrontare una frode speculativa senza precedenti.<br><br><br>Gli studi promossi dall&#8217;Associazione Eira Trustee<br>permettono di riprodurre le <strong>caratteristiche terapeutiche<\/strong> <strong>della Acqua Termale<\/strong><br> in ogni luogo ed in ogni parte del pianeta, dalla vostra casa fino al pi\u00f9 remoto lago di montagna.<br>Si \u00e8 stretta intorno alla volont\u00e0 di tutela, <br>promossa in origine dalla scopritrice Claudia Battaglino, <br>una comunit\u00e0 evoluta di individui, di aziende, di associazioni e collaborazioni internazionali  a difesa di questa scoperta e dei suoi principi e di tutti i progetti legati ad Eira,<br><strong>a beneficio di Umani , Animali e di Tutte le Creature di questo Mondo<\/strong>.<br><br>I soliti noti hanno provato in tutto questo tempo a<strong> silenziare ed appropriarsi<\/strong> del terreno<br>di estrazione di questa risorsa, con la scusa di pignorare dei semplici immobili residenziali e aziende,<br>non considerando la<strong> struttura Termale , il Vincolo termale ed i suoi riconoscimenti<\/strong>;<br>Invece di collaborare in tutela del territorio e del suo sviluppo.<br><br>Ma l&#8217;egoismo umano, la prevaricazione ed il delirio di onnipotenza vuole avere la meglio<br>su una donna che ha gi\u00e0 donato tutto quello che aveva ad ognuno di <strong>Voi&#8230;<br>a chiunque si riconosca in una Creatura di Terra Madre.<\/strong><br><br><strong>Il Nostro appello \u00e8 di partecipare ad una raccolta fondi per allontanare l&#8217;aggressione delle banche e fermare<br>l&#8217;operato di una giustizia che giustizia non \u00e8 , <\/strong><br><strong>di un interesse privato a scapito del beneficio collettivo,<br>della solita opera speculativa che cerca di ignorare e sporcare tutto quanto <\/strong><br><strong>le anime buone mettono nel loro servizio verso gli altri.<\/strong><br><br><strong><span class=\"has-inline-color has-black-color\">Vi chiediamo di far sentire la Vostra Voce.<br>Vi chiediamo di partecipare con quello che potete al crowdfunding attivato.<br>Vi chiediamo di proteggere la Casa di Tutti e divenirne insieme all&#8217;Associazione Eira Trustee i Custodi.<br>Eira Terme appartiene anche a Voi.<br>Lucus Bormani \u00e8 un Patrimonio dell&#8217;Umanit\u00e0<\/span><\/strong><\/h2>\n\n\n\n<h3 class=\"wp-block-heading has-text-align-center\"><br><br>Clicca sul pulsante  &#8220;donate&#8221; <br>qui sotto per donare con<strong> <\/strong><span class=\"has-inline-color has-luminous-vivid-amber-color\"><strong>carta o paypal<\/strong> <\/span><br><em>(se sceglierai questo canale, considera che il circuito Pay Pal tratterr\u00e0 delle commissioni sulla tua donazione)<\/em><\/h3>\n\n\n<form action=\"https:\/\/www.paypal.com\/donate\" method=\"post\" target=\"_top\"><input name=\"hosted_button_id\" type=\"hidden\" value=\"PT2CDFV4QKRX4\"><br \/><input title=\"PayPal - The safer, easier way to pay online!\" alt=\"Donate with PayPal button\" name=\"submit\" src=\"https:\/\/www.paypalobjects.com\/en_US\/i\/btn\/btn_donate_LG.gif\" type=\"image\"><br \/><img decoding=\"async\" src=\"https:\/\/www.paypal.com\/en_IT\/i\/scr\/pixel.gif\" alt=\"\" width=\"1\" height=\"1\" border=\"0\"><\/form>\n\n\n<h3 class=\"wp-block-heading has-text-align-center\">Se preferisci effettuare un <strong><span style=\"background-color:rgba(0, 0, 0, 0)\" class=\"has-inline-color has-vivid-cyan-blue-color\">bonifico bancario<\/span><\/strong><br>puoi effettuarlo sulle seguenti Coordinate bancarie, <br>abbiamo selezionato una banca online estera, affidabile e  <br>per facilitare la partecipazione da tutto il mondo e ridurre i costi di gestione  <br><br><br>Intestazione conto: <strong>ASSOCIAZIONE EIRA TRUSTEE<\/strong><br>Banca : my pos Ltd<br>IBAN: <strong>IE42MPOS99039019404821<\/strong><br>BIC\/SWIFT: <strong>MPOSIE2D<\/strong><br>causale: donazione terme<br><br><\/h3>\n\n\n\n<h2 class=\"wp-block-heading has-text-align-center\"><strong><strong>GUARDA IL VIDEO DEL LUOGO ESISTENTE<\/strong> DI EIRA TERME :<\/strong><\/h2>\n\n\n\n<figure class=\"wp-block-embed is-type-video is-provider-youtube wp-block-embed-youtube wp-embed-aspect-16-9 wp-has-aspect-ratio\"><div class=\"wp-block-embed__wrapper\">\n<iframe title=\"Eira Terme Outside - centro termale olistico il Liguria\" width=\"980\" height=\"551\" src=\"https:\/\/www.youtube.com\/embed\/wUaMGueA4QU?feature=oembed\" frameborder=\"0\" allow=\"accelerometer; autoplay; clipboard-write; encrypted-media; gyroscope; picture-in-picture; web-share\" allowfullscreen><\/iframe>\n<\/div><\/figure>\n\n\n\n<hr class=\"wp-block-separator has-css-opacity\"\/>\n\n\n\n<h2 class=\"wp-block-heading has-text-align-center\"><strong>GUARDA IL VIDEO SULLA VERITA&#8217; DI EIRA TERME :<\/strong><\/h2>\n\n\n\n<figure class=\"wp-block-embed is-type-video is-provider-youtube wp-block-embed-youtube wp-embed-aspect-4-3 wp-has-aspect-ratio\"><div class=\"wp-block-embed__wrapper\">\n<iframe title=\"La verit\u00e0 che non sai su EIRA TERME\" width=\"980\" height=\"735\" src=\"https:\/\/www.youtube.com\/embed\/uDs_1ToqRUU?feature=oembed\" frameborder=\"0\" allow=\"accelerometer; autoplay; clipboard-write; encrypted-media; gyroscope; picture-in-picture; web-share\" allowfullscreen><\/iframe>\n<\/div><\/figure>\n\n\n\n<hr class=\"wp-block-separator has-css-opacity\"\/>\n\n\n\n<h2 class=\"wp-block-heading has-text-align-center\"><strong>ECCO PERCHE&#8217;<\/strong> <strong>IL TUO PICCOLO AIUTO PUO&#8217; FARE TANTO !<\/strong><\/h2>\n\n\n\n<figure class=\"wp-block-embed is-type-video is-provider-youtube wp-block-embed-youtube wp-embed-aspect-4-3 wp-has-aspect-ratio\"><div class=\"wp-block-embed__wrapper\">\n<iframe title=\"Salviamo Eira Terme - Lucus Bormani ! Scoperta unica patrimonio dell&#039;umanit\u00e0 !\" width=\"980\" height=\"735\" src=\"https:\/\/www.youtube.com\/embed\/1gd148xKz9o?feature=oembed\" frameborder=\"0\" allow=\"accelerometer; autoplay; clipboard-write; encrypted-media; gyroscope; picture-in-picture; web-share\" allowfullscreen><\/iframe>\n<\/div><\/figure>\n\n\n\n<hr class=\"wp-block-separator has-css-opacity\"\/>\n\n\n\n<h2 class=\"wp-block-heading has-text-align-center\"><strong>GUARDA IL VIDEO DELLA FILOSOFIA DELL&#8217;ASSOCIAZIONE EIRA:<\/strong><\/h2>\n\n\n\n<figure class=\"wp-block-embed is-type-video is-provider-youtube wp-block-embed-youtube wp-embed-aspect-16-9 wp-has-aspect-ratio\"><div class=\"wp-block-embed__wrapper\">\n<iframe title=\"La filosofia dell&#039; Associazione Eira: EMOZIONE, AMORE, NATURA, VITA, RISPETTO e TERME\" width=\"980\" height=\"551\" src=\"https:\/\/www.youtube.com\/embed\/Db8BeN2YAUw?feature=oembed\" frameborder=\"0\" allow=\"accelerometer; autoplay; clipboard-write; encrypted-media; gyroscope; picture-in-picture; web-share\" allowfullscreen><\/iframe>\n<\/div><\/figure>\n\n\n\n<h2 class=\"wp-block-heading has-text-align-center\"><strong>GUARDA IL PROGETTO COMPLETO<\/strong> qui : <a href=\"http:\/\/www.bcdesign.it\/infoutili.aspx\" target=\"_blank\" rel=\"noreferrer noopener\">http:\/\/www.bcdesign.it\/infoutili.aspx <\/a><\/h2>\n\n\n\n<hr class=\"wp-block-separator has-css-opacity\"\/>\n\n\n\n<h2 class=\"wp-block-heading has-text-align-center\"><strong>GRAZIE DI CUORE<\/strong><\/h2>\n\n\n\n<p class=\"has-text-align-center\"><strong>Per contattare l&#8217;Associazione Eira Trustee scrivici a eiraphilosophy@hotmai.it<\/strong><\/p>\n","protected":false},"excerpt":{"rendered":"<p>Perch\u00e9 ? POPOLO DELLA TERRA \u2026 SIETE CHIAMATI A DIFENDERLA. Da circa dieci anni , e dopo le evidenze scientifiche ed i risultati ottenutidalla Fonte Termale, situata su un Luogo Sacrodenominato Lucus Bormani di orgine Celtica ora chiamato Eira Terme, Claudia Battaglino, scopritrice di questo unico luogo, insieme all&#8217; Associazione Eira Trustee, che ad oggi [&hellip;]<\/p>\n","protected":false},"author":2,"featured_media":0,"parent":0,"menu_order":0,"comment_status":"closed","ping_status":"closed","template":"","meta":{"footnotes":""},"class_list":["post-977","page","type-page","status-publish","hentry"],"yoast_head":"<!-- This site is optimized with the Yoast SEO plugin v26.8 - https:\/\/yoast.com\/product\/yoast-seo-wordpress\/ -->\n<title>Sostieni Eira Terme ! &#8226; Eiragalaxy - shop online<\/title>\n<meta name=\"description\" content=\"Salviamo le Terme Eira - Lucus Bormani ! Diano Castello ITALY\" \/>\n<meta name=\"robots\" content=\"index, follow, max-snippet:-1, max-image-preview:large, max-video-preview:-1\" \/>\n<link rel=\"canonical\" href=\"https:\/\/eiragalaxy.org\/shop\/sostieni-eira\/\" \/>\n<meta property=\"og:locale\" content=\"it_IT\" \/>\n<meta property=\"og:type\" content=\"article\" \/>\n<meta property=\"og:title\" content=\"Sostieni Eira Terme ! &#8226; Eiragalaxy - shop online\" \/>\n<meta property=\"og:description\" content=\"Salviamo le Terme Eira - Lucus Bormani ! Diano Castello ITALY\" \/>\n<meta property=\"og:url\" content=\"https:\/\/eiragalaxy.org\/shop\/sostieni-eira\/\" \/>\n<meta property=\"og:site_name\" content=\"Eiragalaxy - shop online\" \/>\n<meta property=\"article:publisher\" content=\"https:\/\/www.facebook.com\/EiraTerme\" \/>\n<meta property=\"article:modified_time\" content=\"2024-02-05T13:46:49+00:00\" \/>\n<meta property=\"og:image\" content=\"https:\/\/www.paypal.com\/en_IT\/i\/scr\/pixel.gif\" \/>\n<meta name=\"twitter:card\" content=\"summary_large_image\" \/>\n<meta name=\"twitter:label1\" content=\"Tempo di lettura stimato\" \/>\n\t<meta name=\"twitter:data1\" content=\"4 minuti\" \/>\n<script type=\"application\/ld+json\" class=\"yoast-schema-graph\">{\"@context\":\"https:\/\/schema.org\",\"@graph\":[{\"@type\":\"WebPage\",\"@id\":\"https:\/\/eiragalaxy.org\/shop\/sostieni-eira\/\",\"url\":\"https:\/\/eiragalaxy.org\/shop\/sostieni-eira\/\",\"name\":\"Sostieni Eira Terme ! &#8226; Eiragalaxy - shop online\",\"isPartOf\":{\"@id\":\"https:\/\/eiragalaxy.org\/shop\/#website\"},\"primaryImageOfPage\":{\"@id\":\"https:\/\/eiragalaxy.org\/shop\/sostieni-eira\/#primaryimage\"},\"image\":{\"@id\":\"https:\/\/eiragalaxy.org\/shop\/sostieni-eira\/#primaryimage\"},\"thumbnailUrl\":\"https:\/\/www.paypal.com\/en_IT\/i\/scr\/pixel.gif\",\"datePublished\":\"2020-12-11T12:34:55+00:00\",\"dateModified\":\"2024-02-05T13:46:49+00:00\",\"description\":\"Salviamo le Terme Eira - Lucus Bormani ! Diano Castello ITALY\",\"breadcrumb\":{\"@id\":\"https:\/\/eiragalaxy.org\/shop\/sostieni-eira\/#breadcrumb\"},\"inLanguage\":\"it-IT\",\"potentialAction\":[{\"@type\":\"ReadAction\",\"target\":[\"https:\/\/eiragalaxy.org\/shop\/sostieni-eira\/\"]}]},{\"@type\":\"ImageObject\",\"inLanguage\":\"it-IT\",\"@id\":\"https:\/\/eiragalaxy.org\/shop\/sostieni-eira\/#primaryimage\",\"url\":\"https:\/\/www.paypal.com\/en_IT\/i\/scr\/pixel.gif\",\"contentUrl\":\"https:\/\/www.paypal.com\/en_IT\/i\/scr\/pixel.gif\"},{\"@type\":\"BreadcrumbList\",\"@id\":\"https:\/\/eiragalaxy.org\/shop\/sostieni-eira\/#breadcrumb\",\"itemListElement\":[{\"@type\":\"ListItem\",\"position\":1,\"name\":\"Home\",\"item\":\"https:\/\/eiragalaxy.org\/shop\/\"},{\"@type\":\"ListItem\",\"position\":2,\"name\":\"Sostieni Eira Terme !\"}]},{\"@type\":\"WebSite\",\"@id\":\"https:\/\/eiragalaxy.org\/shop\/#website\",\"url\":\"https:\/\/eiragalaxy.org\/shop\/\",\"name\":\"Eiragalaxy - shop online\",\"description\":\"Terme e qualit\u00e0 della vita\",\"publisher\":{\"@id\":\"https:\/\/eiragalaxy.org\/shop\/#organization\"},\"potentialAction\":[{\"@type\":\"SearchAction\",\"target\":{\"@type\":\"EntryPoint\",\"urlTemplate\":\"https:\/\/eiragalaxy.org\/shop\/?s={search_term_string}\"},\"query-input\":{\"@type\":\"PropertyValueSpecification\",\"valueRequired\":true,\"valueName\":\"search_term_string\"}}],\"inLanguage\":\"it-IT\"},{\"@type\":\"Organization\",\"@id\":\"https:\/\/eiragalaxy.org\/shop\/#organization\",\"name\":\"Eira BioCurativa\",\"url\":\"https:\/\/eiragalaxy.org\/shop\/\",\"logo\":{\"@type\":\"ImageObject\",\"inLanguage\":\"it-IT\",\"@id\":\"https:\/\/eiragalaxy.org\/shop\/#\/schema\/logo\/image\/\",\"url\":\"https:\/\/eiragalaxy.org\/shop\/wp-content\/uploads\/2020\/09\/logo-nero-senza-scritta-argilla-bio-curativa-copia.jpg\",\"contentUrl\":\"https:\/\/eiragalaxy.org\/shop\/wp-content\/uploads\/2020\/09\/logo-nero-senza-scritta-argilla-bio-curativa-copia.jpg\",\"width\":1345,\"height\":1744,\"caption\":\"Eira BioCurativa\"},\"image\":{\"@id\":\"https:\/\/eiragalaxy.org\/shop\/#\/schema\/logo\/image\/\"},\"sameAs\":[\"https:\/\/www.facebook.com\/EiraTerme\",\"https:\/\/instagram.com\/eiraterme?igshid=ip2d78cs9tt3\",\"https:\/\/www.youtube.com\/channel\/UCIzxGsRJxcNHmGq6MXEsZvQ?view_as=subscriber\"]}]}<\/script>\n<!-- \/ Yoast SEO plugin. -->","yoast_head_json":{"title":"Sostieni Eira Terme ! &#8226; Eiragalaxy - shop online","description":"Salviamo le Terme Eira - Lucus Bormani ! Diano Castello ITALY","robots":{"index":"index","follow":"follow","max-snippet":"max-snippet:-1","max-image-preview":"max-image-preview:large","max-video-preview":"max-video-preview:-1"},"canonical":"https:\/\/eiragalaxy.org\/shop\/sostieni-eira\/","og_locale":"it_IT","og_type":"article","og_title":"Sostieni Eira Terme ! &#8226; Eiragalaxy - shop online","og_description":"Salviamo le Terme Eira - Lucus Bormani ! Diano Castello ITALY","og_url":"https:\/\/eiragalaxy.org\/shop\/sostieni-eira\/","og_site_name":"Eiragalaxy - shop online","article_publisher":"https:\/\/www.facebook.com\/EiraTerme","article_modified_time":"2024-02-05T13:46:49+00:00","og_image":[{"url":"https:\/\/www.paypal.com\/en_IT\/i\/scr\/pixel.gif","type":"","width":"","height":""}],"twitter_card":"summary_large_image","twitter_misc":{"Tempo di lettura stimato":"4 minuti"},"schema":{"@context":"https:\/\/schema.org","@graph":[{"@type":"WebPage","@id":"https:\/\/eiragalaxy.org\/shop\/sostieni-eira\/","url":"https:\/\/eiragalaxy.org\/shop\/sostieni-eira\/","name":"Sostieni Eira Terme ! &#8226; Eiragalaxy - shop online","isPartOf":{"@id":"https:\/\/eiragalaxy.org\/shop\/#website"},"primaryImageOfPage":{"@id":"https:\/\/eiragalaxy.org\/shop\/sostieni-eira\/#primaryimage"},"image":{"@id":"https:\/\/eiragalaxy.org\/shop\/sostieni-eira\/#primaryimage"},"thumbnailUrl":"https:\/\/www.paypal.com\/en_IT\/i\/scr\/pixel.gif","datePublished":"2020-12-11T12:34:55+00:00","dateModified":"2024-02-05T13:46:49+00:00","description":"Salviamo le Terme Eira - Lucus Bormani ! Diano Castello ITALY","breadcrumb":{"@id":"https:\/\/eiragalaxy.org\/shop\/sostieni-eira\/#breadcrumb"},"inLanguage":"it-IT","potentialAction":[{"@type":"ReadAction","target":["https:\/\/eiragalaxy.org\/shop\/sostieni-eira\/"]}]},{"@type":"ImageObject","inLanguage":"it-IT","@id":"https:\/\/eiragalaxy.org\/shop\/sostieni-eira\/#primaryimage","url":"https:\/\/www.paypal.com\/en_IT\/i\/scr\/pixel.gif","contentUrl":"https:\/\/www.paypal.com\/en_IT\/i\/scr\/pixel.gif"},{"@type":"BreadcrumbList","@id":"https:\/\/eiragalaxy.org\/shop\/sostieni-eira\/#breadcrumb","itemListElement":[{"@type":"ListItem","position":1,"name":"Home","item":"https:\/\/eiragalaxy.org\/shop\/"},{"@type":"ListItem","position":2,"name":"Sostieni Eira Terme !"}]},{"@type":"WebSite","@id":"https:\/\/eiragalaxy.org\/shop\/#website","url":"https:\/\/eiragalaxy.org\/shop\/","name":"Eiragalaxy - shop online","description":"Terme e qualit\u00e0 della vita","publisher":{"@id":"https:\/\/eiragalaxy.org\/shop\/#organization"},"potentialAction":[{"@type":"SearchAction","target":{"@type":"EntryPoint","urlTemplate":"https:\/\/eiragalaxy.org\/shop\/?s={search_term_string}"},"query-input":{"@type":"PropertyValueSpecification","valueRequired":true,"valueName":"search_term_string"}}],"inLanguage":"it-IT"},{"@type":"Organization","@id":"https:\/\/eiragalaxy.org\/shop\/#organization","name":"Eira BioCurativa","url":"https:\/\/eiragalaxy.org\/shop\/","logo":{"@type":"ImageObject","inLanguage":"it-IT","@id":"https:\/\/eiragalaxy.org\/shop\/#\/schema\/logo\/image\/","url":"https:\/\/eiragalaxy.org\/shop\/wp-content\/uploads\/2020\/09\/logo-nero-senza-scritta-argilla-bio-curativa-copia.jpg","contentUrl":"https:\/\/eiragalaxy.org\/shop\/wp-content\/uploads\/2020\/09\/logo-nero-senza-scritta-argilla-bio-curativa-copia.jpg","width":1345,"height":1744,"caption":"Eira BioCurativa"},"image":{"@id":"https:\/\/eiragalaxy.org\/shop\/#\/schema\/logo\/image\/"},"sameAs":["https:\/\/www.facebook.com\/EiraTerme","https:\/\/instagram.com\/eiraterme?igshid=ip2d78cs9tt3","https:\/\/www.youtube.com\/channel\/UCIzxGsRJxcNHmGq6MXEsZvQ?view_as=subscriber"]}]}},"jetpack_sharing_enabled":true,"_links":{"self":[{"href":"https:\/\/eiragalaxy.org\/shop\/wp-json\/wp\/v2\/pages\/977","targetHints":{"allow":["GET"]}}],"collection":[{"href":"https:\/\/eiragalaxy.org\/shop\/wp-json\/wp\/v2\/pages"}],"about":[{"href":"https:\/\/eiragalaxy.org\/shop\/wp-json\/wp\/v2\/types\/page"}],"author":[{"embeddable":true,"href":"https:\/\/eiragalaxy.org\/shop\/wp-json\/wp\/v2\/users\/2"}],"replies":[{"embeddable":true,"href":"https:\/\/eiragalaxy.org\/shop\/wp-json\/wp\/v2\/comments?post=977"}],"version-history":[{"count":15,"href":"https:\/\/eiragalaxy.org\/shop\/wp-json\/wp\/v2\/pages\/977\/revisions"}],"predecessor-version":[{"id":3644,"href":"https:\/\/eiragalaxy.org\/shop\/wp-json\/wp\/v2\/pages\/977\/revisions\/3644"}],"wp:attachment":[{"href":"https:\/\/eiragalaxy.org\/shop\/wp-json\/wp\/v2\/media?parent=977"}],"curies":[{"name":"wp","href":"https:\/\/api.w.org\/{rel}","templated":true}]}}