{"id":2159,"date":"2021-09-23T09:00:24","date_gmt":"2021-09-23T08:00:24","guid":{"rendered":"https:\/\/eiragalaxy.org\/shop\/?page_id=2159"},"modified":"2022-09-15T15:10:22","modified_gmt":"2022-09-15T14:10:22","slug":"categorie","status":"publish","type":"page","link":"https:\/\/eiragalaxy.org\/shop\/","title":{"rendered":"Categorie"},"content":{"rendered":"\t\t<div data-elementor-type=\"wp-page\" data-elementor-id=\"2159\" class=\"elementor elementor-2159\" data-elementor-post-type=\"page\">\n\t\t\t\t\t\t<section class=\"elementor-section elementor-top-section elementor-element elementor-element-013e7e2 elementor-section-boxed elementor-section-height-default elementor-section-height-default\" data-id=\"013e7e2\" data-element_type=\"section\" data-e-type=\"section\">\n\t\t\t\t\t\t<div class=\"elementor-container elementor-column-gap-default\">\n\t\t\t\t\t<div class=\"elementor-column elementor-col-100 elementor-top-column elementor-element elementor-element-322ee56\" data-id=\"322ee56\" data-element_type=\"column\" data-e-type=\"column\">\n\t\t\t<div class=\"elementor-widget-wrap elementor-element-populated\">\n\t\t\t\t\t\t<div class=\"elementor-element elementor-element-60b8edb elementor-cta--skin-cover elementor-animated-content elementor-bg-transform elementor-bg-transform-zoom-in elementor-widget elementor-widget-call-to-action\" data-id=\"60b8edb\" data-element_type=\"widget\" data-e-type=\"widget\" data-widget_type=\"call-to-action.default\">\n\t\t\t\t<div class=\"elementor-widget-container\">\n\t\t\t\t\t\t\t<div class=\"elementor-cta\">\n\t\t\t\t\t<div class=\"elementor-cta__bg-wrapper\">\n\t\t\t\t<div class=\"elementor-cta__bg elementor-bg\" style=\"background-image: url(https:\/\/eiragalaxy.org\/shop\/wp-content\/uploads\/2020\/11\/eira-BC-scaled.jpg);\" role=\"img\" aria-label=\"eira BC\"><\/div>\n\t\t\t\t<div class=\"elementor-cta__bg-overlay\"><\/div>\n\t\t\t<\/div>\n\t\t\t\t\t\t\t<div class=\"elementor-cta__content\">\n\t\t\t\t\n\t\t\t\t\t\t\t\t\t<h2 class=\"elementor-cta__title elementor-cta__content-item elementor-content-item elementor-animated-item--grow\">\n\t\t\t\t\t\t<b>Eira BioCurativa &amp;  Accessori<\/b>\t\t\t\t\t<\/h2>\n\t\t\t\t\n\t\t\t\t\t\t\t\t\t<div class=\"elementor-cta__description elementor-cta__content-item elementor-content-item elementor-animated-item--grow\">\n\t\t\t\t\t\tProdotti Termali\nper il tuo BenEssere\t\t\t\t\t<\/div>\n\t\t\t\t\n\t\t\t\t\t\t\t\t\t<div class=\"elementor-cta__button-wrapper elementor-cta__content-item elementor-content-item elementor-animated-item--grow\">\n\t\t\t\t\t<a class=\"elementor-cta__button elementor-button elementor-size-\" href=\"https:\/\/eiragalaxy.org\/shop\/product-category\/catalogo\/\">\n\t\t\t\t\t\tClicca qui\t\t\t\t\t<\/a>\n\t\t\t\t\t<\/div>\n\t\t\t\t\t\t\t<\/div>\n\t\t\t\t\t\t\t<div class=\"elementor-ribbon elementor-ribbon-left\">\n\t\t\t\t<div class=\"elementor-ribbon-inner\">novit\u00e0<\/div>\n\t\t\t<\/div>\n\t\t\t\t<\/div>\n\t\t\t\t\t\t<\/div>\n\t\t\t\t<\/div>\n\t\t\t\t<div class=\"elementor-element elementor-element-cf3a7a6 elementor-cta--skin-cover elementor-animated-content elementor-bg-transform elementor-bg-transform-zoom-in elementor-widget elementor-widget-call-to-action\" data-id=\"cf3a7a6\" data-element_type=\"widget\" data-e-type=\"widget\" data-widget_type=\"call-to-action.default\">\n\t\t\t\t<div class=\"elementor-widget-container\">\n\t\t\t\t\t\t\t<div class=\"elementor-cta\">\n\t\t\t\t\t<div class=\"elementor-cta__bg-wrapper\">\n\t\t\t\t<div class=\"elementor-cta__bg elementor-bg\" style=\"background-image: url(https:\/\/eiragalaxy.org\/shop\/wp-content\/uploads\/2021\/09\/categoria-veterinaria-SHOP-scaled.jpg);\" role=\"img\" aria-label=\"categoria veterinaria SHOP\"><\/div>\n\t\t\t\t<div class=\"elementor-cta__bg-overlay\"><\/div>\n\t\t\t<\/div>\n\t\t\t\t\t\t\t<div class=\"elementor-cta__content\">\n\t\t\t\t\n\t\t\t\t\t\t\t\t\t<div class=\"elementor-cta__title elementor-cta__content-item elementor-content-item elementor-animated-item--grow\">\n\t\t\t\t\t\t<b>EIRAVet<\/b>\t\t\t\t\t<\/div>\n\t\t\t\t\n\t\t\t\t\n\t\t\t\t\t\t\t\t\t<div class=\"elementor-cta__button-wrapper elementor-cta__content-item elementor-content-item elementor-animated-item--grow\">\n\t\t\t\t\t<a class=\"elementor-cta__button elementor-button elementor-size-\" href=\"https:\/\/www.eiravet.com\">\n\t\t\t\t\t\tClicca qui\t\t\t\t\t<\/a>\n\t\t\t\t\t<\/div>\n\t\t\t\t\t\t\t<\/div>\n\t\t\t\t\t\t\t<div class=\"elementor-ribbon elementor-ribbon-left\">\n\t\t\t\t<div class=\"elementor-ribbon-inner\">novit\u00e0<\/div>\n\t\t\t<\/div>\n\t\t\t\t<\/div>\n\t\t\t\t\t\t<\/div>\n\t\t\t\t<\/div>\n\t\t\t\t\t<\/div>\n\t\t<\/div>\n\t\t\t\t\t<\/div>\n\t\t<\/section>\n\t\t\t\t<section class=\"elementor-section elementor-top-section elementor-element elementor-element-b6c400f elementor-section-boxed elementor-section-height-default elementor-section-height-default\" data-id=\"b6c400f\" data-element_type=\"section\" data-e-type=\"section\">\n\t\t\t\t\t\t<div class=\"elementor-container elementor-column-gap-default\">\n\t\t\t\t\t<div class=\"elementor-column elementor-col-100 elementor-top-column elementor-element elementor-element-02a79df\" data-id=\"02a79df\" data-element_type=\"column\" data-e-type=\"column\">\n\t\t\t<div class=\"elementor-widget-wrap elementor-element-populated\">\n\t\t\t\t\t\t<div class=\"elementor-element elementor-element-be72e3e elementor-cta--skin-cover elementor-animated-content elementor-bg-transform elementor-bg-transform-zoom-in elementor-widget elementor-widget-call-to-action\" data-id=\"be72e3e\" data-element_type=\"widget\" data-e-type=\"widget\" data-widget_type=\"call-to-action.default\">\n\t\t\t\t<div class=\"elementor-widget-container\">\n\t\t\t\t\t\t\t<div class=\"elementor-cta\">\n\t\t\t\t\t<div class=\"elementor-cta__bg-wrapper\">\n\t\t\t\t<div class=\"elementor-cta__bg elementor-bg\" style=\"background-image: url(https:\/\/eiragalaxy.org\/shop\/wp-content\/uploads\/2020\/11\/servizi-scaled.jpg);\" role=\"img\" aria-label=\"servizi\"><\/div>\n\t\t\t\t<div class=\"elementor-cta__bg-overlay\"><\/div>\n\t\t\t<\/div>\n\t\t\t\t\t\t\t<div class=\"elementor-cta__content\">\n\t\t\t\t\n\t\t\t\t\t\t\t\t\t<h2 class=\"elementor-cta__title elementor-cta__content-item elementor-content-item elementor-animated-item--grow\">\n\t\t\t\t\t\t<b>Iscrizioni &amp; Servizi<\/b>\t\t\t\t\t<\/h2>\n\t\t\t\t\n\t\t\t\t\t\t\t\t\t<div class=\"elementor-cta__description elementor-cta__content-item elementor-content-item elementor-animated-item--grow\">\n\t\t\t\t\t\tMigliora la Tua Qualit\u00e0 di Vita\t\t\t\t\t<\/div>\n\t\t\t\t\n\t\t\t\t\t\t\t\t\t<div class=\"elementor-cta__button-wrapper elementor-cta__content-item elementor-content-item elementor-animated-item--grow\">\n\t\t\t\t\t<a class=\"elementor-cta__button elementor-button elementor-size-\" href=\"https:\/\/eiragalaxy.org\/shop\/product-category\/iscrizioni-servizi\/\">\n\t\t\t\t\t\tClicca qui\t\t\t\t\t<\/a>\n\t\t\t\t\t<\/div>\n\t\t\t\t\t\t\t<\/div>\n\t\t\t\t\t\t<\/div>\n\t\t\t\t\t\t<\/div>\n\t\t\t\t<\/div>\n\t\t\t\t\t<\/div>\n\t\t<\/div>\n\t\t\t\t\t<\/div>\n\t\t<\/section>\n\t\t\t\t<section class=\"elementor-section elementor-top-section elementor-element elementor-element-4be662a elementor-section-boxed elementor-section-height-default elementor-section-height-default\" data-id=\"4be662a\" data-element_type=\"section\" data-e-type=\"section\">\n\t\t\t\t\t\t<div class=\"elementor-container elementor-column-gap-default\">\n\t\t\t\t\t<div class=\"elementor-column elementor-col-100 elementor-top-column elementor-element elementor-element-d0493e1\" data-id=\"d0493e1\" data-element_type=\"column\" data-e-type=\"column\">\n\t\t\t<div class=\"elementor-widget-wrap elementor-element-populated\">\n\t\t\t\t\t\t<div class=\"elementor-element elementor-element-73579b7 elementor-cta--skin-cover elementor-animated-content elementor-bg-transform elementor-bg-transform-zoom-in elementor-widget elementor-widget-call-to-action\" data-id=\"73579b7\" data-element_type=\"widget\" data-e-type=\"widget\" data-widget_type=\"call-to-action.default\">\n\t\t\t\t<div class=\"elementor-widget-container\">\n\t\t\t\t\t\t\t<div class=\"elementor-cta\">\n\t\t\t\t\t<div class=\"elementor-cta__bg-wrapper\">\n\t\t\t\t<div class=\"elementor-cta__bg elementor-bg\" style=\"background-image: url(https:\/\/eiragalaxy.org\/shop\/wp-content\/uploads\/elementor\/thumbs\/sponsored-by-Eira-scaled-pqhhkoudehisafc0sqa7zjcj7mqu0dg2yzl2ci7qio.jpg);\" role=\"img\" aria-label=\"sponsored by Eira\"><\/div>\n\t\t\t\t<div class=\"elementor-cta__bg-overlay\"><\/div>\n\t\t\t<\/div>\n\t\t\t\t\t\t\t<div class=\"elementor-cta__content\">\n\t\t\t\t\n\t\t\t\t\t\t\t\t\t<h2 class=\"elementor-cta__title elementor-cta__content-item elementor-content-item elementor-animated-item--grow\">\n\t\t\t\t\t\t<b>Scelti per Te <\/b>\t\t\t\t\t<\/h2>\n\t\t\t\t\n\t\t\t\t\t\t\t\t\t<div class=\"elementor-cta__description elementor-cta__content-item elementor-content-item elementor-animated-item--grow\">\n\t\t\t\t\t\tSelezionati da Eira \t\t\t\t\t<\/div>\n\t\t\t\t\n\t\t\t\t\t\t\t\t\t<div class=\"elementor-cta__button-wrapper elementor-cta__content-item elementor-content-item elementor-animated-item--grow\">\n\t\t\t\t\t<a class=\"elementor-cta__button elementor-button elementor-size-\" href=\"https:\/\/eiragalaxy.org\/shop\/product-category\/selezionati-da-eira-per-te\/\">\n\t\t\t\t\t\tClicca qui\t\t\t\t\t<\/a>\n\t\t\t\t\t<\/div>\n\t\t\t\t\t\t\t<\/div>\n\t\t\t\t\t\t<\/div>\n\t\t\t\t\t\t<\/div>\n\t\t\t\t<\/div>\n\t\t\t\t\t<\/div>\n\t\t<\/div>\n\t\t\t\t\t<\/div>\n\t\t<\/section>\n\t\t\t\t<\/div>\n\t\t","protected":false},"excerpt":{"rendered":"<p>Eira BioCurativa &amp; Accessori Prodotti Termali per il tuo BenEssere Clicca qui novit\u00e0 EIRAVet Clicca qui novit\u00e0 Iscrizioni &amp; Servizi Migliora la Tua Qualit\u00e0 di Vita Clicca qui Scelti per Te Selezionati da Eira Clicca qui<\/p>\n","protected":false},"author":5,"featured_media":0,"parent":0,"menu_order":0,"comment_status":"closed","ping_status":"closed","template":"elementor_header_footer","meta":{"footnotes":""},"class_list":["post-2159","page","type-page","status-publish","hentry"],"yoast_head":"<!-- This site is optimized with the Yoast SEO plugin v26.8 - https:\/\/yoast.com\/product\/yoast-seo-wordpress\/ -->\n<title>Categorie &#8226; Eiragalaxy - shop online<\/title>\n<meta name=\"robots\" content=\"index, follow, max-snippet:-1, max-image-preview:large, max-video-preview:-1\" \/>\n<link rel=\"canonical\" href=\"https:\/\/eiragalaxy.org\/shop\/\" \/>\n<meta property=\"og:locale\" content=\"it_IT\" \/>\n<meta property=\"og:type\" content=\"article\" \/>\n<meta property=\"og:title\" content=\"Categorie &#8226; Eiragalaxy - shop online\" \/>\n<meta property=\"og:description\" content=\"Eira BioCurativa &amp; Accessori Prodotti Termali per il tuo BenEssere Clicca qui novit\u00e0 EIRAVet Clicca qui novit\u00e0 Iscrizioni &amp; Servizi Migliora la Tua Qualit\u00e0 di Vita Clicca qui Scelti per Te Selezionati da Eira Clicca qui\" \/>\n<meta property=\"og:url\" content=\"https:\/\/eiragalaxy.org\/shop\/\" \/>\n<meta property=\"og:site_name\" content=\"Eiragalaxy - shop online\" \/>\n<meta property=\"article:publisher\" content=\"https:\/\/www.facebook.com\/EiraTerme\" \/>\n<meta property=\"article:modified_time\" content=\"2022-09-15T14:10:22+00:00\" \/>\n<meta name=\"twitter:card\" content=\"summary_large_image\" \/>\n<meta name=\"twitter:label1\" content=\"Tempo di lettura stimato\" \/>\n\t<meta name=\"twitter:data1\" content=\"1 minuto\" \/>\n<script type=\"application\/ld+json\" class=\"yoast-schema-graph\">{\"@context\":\"https:\/\/schema.org\",\"@graph\":[{\"@type\":\"WebPage\",\"@id\":\"https:\/\/eiragalaxy.org\/shop\/\",\"url\":\"https:\/\/eiragalaxy.org\/shop\/\",\"name\":\"Categorie &#8226; Eiragalaxy - shop online\",\"isPartOf\":{\"@id\":\"https:\/\/eiragalaxy.org\/shop\/#website\"},\"datePublished\":\"2021-09-23T08:00:24+00:00\",\"dateModified\":\"2022-09-15T14:10:22+00:00\",\"breadcrumb\":{\"@id\":\"https:\/\/eiragalaxy.org\/shop\/#breadcrumb\"},\"inLanguage\":\"it-IT\",\"potentialAction\":[{\"@type\":\"ReadAction\",\"target\":[\"https:\/\/eiragalaxy.org\/shop\/\"]}]},{\"@type\":\"BreadcrumbList\",\"@id\":\"https:\/\/eiragalaxy.org\/shop\/#breadcrumb\",\"itemListElement\":[{\"@type\":\"ListItem\",\"position\":1,\"name\":\"Home\",\"item\":\"https:\/\/eiragalaxy.org\/shop\/\"},{\"@type\":\"ListItem\",\"position\":2,\"name\":\"Categorie\"}]},{\"@type\":\"WebSite\",\"@id\":\"https:\/\/eiragalaxy.org\/shop\/#website\",\"url\":\"https:\/\/eiragalaxy.org\/shop\/\",\"name\":\"Eiragalaxy - shop online\",\"description\":\"Terme e qualit\u00e0 della vita\",\"publisher\":{\"@id\":\"https:\/\/eiragalaxy.org\/shop\/#organization\"},\"potentialAction\":[{\"@type\":\"SearchAction\",\"target\":{\"@type\":\"EntryPoint\",\"urlTemplate\":\"https:\/\/eiragalaxy.org\/shop\/?s={search_term_string}\"},\"query-input\":{\"@type\":\"PropertyValueSpecification\",\"valueRequired\":true,\"valueName\":\"search_term_string\"}}],\"inLanguage\":\"it-IT\"},{\"@type\":\"Organization\",\"@id\":\"https:\/\/eiragalaxy.org\/shop\/#organization\",\"name\":\"Eira BioCurativa\",\"url\":\"https:\/\/eiragalaxy.org\/shop\/\",\"logo\":{\"@type\":\"ImageObject\",\"inLanguage\":\"it-IT\",\"@id\":\"https:\/\/eiragalaxy.org\/shop\/#\/schema\/logo\/image\/\",\"url\":\"https:\/\/eiragalaxy.org\/shop\/wp-content\/uploads\/2020\/09\/logo-nero-senza-scritta-argilla-bio-curativa-copia.jpg\",\"contentUrl\":\"https:\/\/eiragalaxy.org\/shop\/wp-content\/uploads\/2020\/09\/logo-nero-senza-scritta-argilla-bio-curativa-copia.jpg\",\"width\":1345,\"height\":1744,\"caption\":\"Eira BioCurativa\"},\"image\":{\"@id\":\"https:\/\/eiragalaxy.org\/shop\/#\/schema\/logo\/image\/\"},\"sameAs\":[\"https:\/\/www.facebook.com\/EiraTerme\",\"https:\/\/instagram.com\/eiraterme?igshid=ip2d78cs9tt3\",\"https:\/\/www.youtube.com\/channel\/UCIzxGsRJxcNHmGq6MXEsZvQ?view_as=subscriber\"]}]}<\/script>\n<!-- \/ Yoast SEO plugin. -->","yoast_head_json":{"title":"Categorie &#8226; Eiragalaxy - shop online","robots":{"index":"index","follow":"follow","max-snippet":"max-snippet:-1","max-image-preview":"max-image-preview:large","max-video-preview":"max-video-preview:-1"},"canonical":"https:\/\/eiragalaxy.org\/shop\/","og_locale":"it_IT","og_type":"article","og_title":"Categorie &#8226; Eiragalaxy - shop online","og_description":"Eira BioCurativa &amp; Accessori Prodotti Termali per il tuo BenEssere Clicca qui novit\u00e0 EIRAVet Clicca qui novit\u00e0 Iscrizioni &amp; Servizi Migliora la Tua Qualit\u00e0 di Vita Clicca qui Scelti per Te Selezionati da Eira Clicca qui","og_url":"https:\/\/eiragalaxy.org\/shop\/","og_site_name":"Eiragalaxy - shop online","article_publisher":"https:\/\/www.facebook.com\/EiraTerme","article_modified_time":"2022-09-15T14:10:22+00:00","twitter_card":"summary_large_image","twitter_misc":{"Tempo di lettura stimato":"1 minuto"},"schema":{"@context":"https:\/\/schema.org","@graph":[{"@type":"WebPage","@id":"https:\/\/eiragalaxy.org\/shop\/","url":"https:\/\/eiragalaxy.org\/shop\/","name":"Categorie &#8226; Eiragalaxy - shop online","isPartOf":{"@id":"https:\/\/eiragalaxy.org\/shop\/#website"},"datePublished":"2021-09-23T08:00:24+00:00","dateModified":"2022-09-15T14:10:22+00:00","breadcrumb":{"@id":"https:\/\/eiragalaxy.org\/shop\/#breadcrumb"},"inLanguage":"it-IT","potentialAction":[{"@type":"ReadAction","target":["https:\/\/eiragalaxy.org\/shop\/"]}]},{"@type":"BreadcrumbList","@id":"https:\/\/eiragalaxy.org\/shop\/#breadcrumb","itemListElement":[{"@type":"ListItem","position":1,"name":"Home","item":"https:\/\/eiragalaxy.org\/shop\/"},{"@type":"ListItem","position":2,"name":"Categorie"}]},{"@type":"WebSite","@id":"https:\/\/eiragalaxy.org\/shop\/#website","url":"https:\/\/eiragalaxy.org\/shop\/","name":"Eiragalaxy - shop online","description":"Terme e qualit\u00e0 della vita","publisher":{"@id":"https:\/\/eiragalaxy.org\/shop\/#organization"},"potentialAction":[{"@type":"SearchAction","target":{"@type":"EntryPoint","urlTemplate":"https:\/\/eiragalaxy.org\/shop\/?s={search_term_string}"},"query-input":{"@type":"PropertyValueSpecification","valueRequired":true,"valueName":"search_term_string"}}],"inLanguage":"it-IT"},{"@type":"Organization","@id":"https:\/\/eiragalaxy.org\/shop\/#organization","name":"Eira BioCurativa","url":"https:\/\/eiragalaxy.org\/shop\/","logo":{"@type":"ImageObject","inLanguage":"it-IT","@id":"https:\/\/eiragalaxy.org\/shop\/#\/schema\/logo\/image\/","url":"https:\/\/eiragalaxy.org\/shop\/wp-content\/uploads\/2020\/09\/logo-nero-senza-scritta-argilla-bio-curativa-copia.jpg","contentUrl":"https:\/\/eiragalaxy.org\/shop\/wp-content\/uploads\/2020\/09\/logo-nero-senza-scritta-argilla-bio-curativa-copia.jpg","width":1345,"height":1744,"caption":"Eira BioCurativa"},"image":{"@id":"https:\/\/eiragalaxy.org\/shop\/#\/schema\/logo\/image\/"},"sameAs":["https:\/\/www.facebook.com\/EiraTerme","https:\/\/instagram.com\/eiraterme?igshid=ip2d78cs9tt3","https:\/\/www.youtube.com\/channel\/UCIzxGsRJxcNHmGq6MXEsZvQ?view_as=subscriber"]}]}},"jetpack_sharing_enabled":true,"_links":{"self":[{"href":"https:\/\/eiragalaxy.org\/shop\/wp-json\/wp\/v2\/pages\/2159","targetHints":{"allow":["GET"]}}],"collection":[{"href":"https:\/\/eiragalaxy.org\/shop\/wp-json\/wp\/v2\/pages"}],"about":[{"href":"https:\/\/eiragalaxy.org\/shop\/wp-json\/wp\/v2\/types\/page"}],"author":[{"embeddable":true,"href":"https:\/\/eiragalaxy.org\/shop\/wp-json\/wp\/v2\/users\/5"}],"replies":[{"embeddable":true,"href":"https:\/\/eiragalaxy.org\/shop\/wp-json\/wp\/v2\/comments?post=2159"}],"version-history":[{"count":19,"href":"https:\/\/eiragalaxy.org\/shop\/wp-json\/wp\/v2\/pages\/2159\/revisions"}],"predecessor-version":[{"id":3367,"href":"https:\/\/eiragalaxy.org\/shop\/wp-json\/wp\/v2\/pages\/2159\/revisions\/3367"}],"wp:attachment":[{"href":"https:\/\/eiragalaxy.org\/shop\/wp-json\/wp\/v2\/media?parent=2159"}],"curies":[{"name":"wp","href":"https:\/\/api.w.org\/{rel}","templated":true}]}}